{"id":19,"date":"2014-08-05T11:12:02","date_gmt":"2014-08-05T09:12:02","guid":{"rendered":"http:\/\/www.hotelalaferme.be\/?page_id=19"},"modified":"2014-09-19T14:35:35","modified_gmt":"2014-09-19T12:35:35","slug":"omgeving","status":"publish","type":"page","link":"https:\/\/www.hotelalaferme.be\/nl\/omgeving\/","title":{"rendered":"Omgeving"},"content":{"rendered":"<p><em>Spa- Francorchamps<\/em><\/p>\n<p>Het <strong>Circuit van Spa-Francorchamps<\/strong> bestaat al sinds de jaren twintig van de vorige eeuw en kan dan ook op duizend-en-een fantastische en heldhaftige verhalen terugblikken.<br \/>\nVan een piste van aarde is het ge\u00ebvolueerd tot een van de modernste Formule 1 circuits van Europa.<\/p>\n<p>Daardoor is het circuit erin geslaagd een aantal van de meest prestigieuze autowedstrijden &#8211; zoals de Formule 1 en de 24 Uur &#8211; in Francorchamps te houden.<\/p>\n<p>Vooral bekend is de Raidillon. In 1939 bedacht het bestuur van Spa-Franchorchamps deze unieke bocht. De Raidillon, gelegen nabij l&#8217;Eau Rouge, heeft dan ook grote bekendheid verworven in de hele wereld en wordt dan ook aanbeden door de piloten.<\/p>\n<p><em>Durbuy \u2028<\/em><\/p>\n<p>Durbuy is een ongelofelijk gezellig stadje in de buurt van Sy-Ferri\u00e8res. De stad aan de snelstromende rivier de Ourthe is typisch voor de stijl van de Ardennen.<\/p>\n<p>Durbuy is dan ook \u00e9\u00e9n van de belangrijkste toeristische trekpleisters in Walloni\u00eb. Jaarlijks trekt deze prachtige Middeleeuwse stad, die trouwens bekend staat als de kleinste ter wereld, duizenden toeristen.<\/p>\n<p>Het stadje zelf bestaat uit een aantal pittoreske straten en heeft een 400-tal inwoners. De overgrote meerderheid van de inwoners van de gemeente woont in \u00e9\u00e9n van de vele prachtige dorpjes in de omgeving.<\/p>\n<p>Ga ook zeker de Homalius-rots, beter gekend onder de naam \u201cFalize\u201d-rots bekijken. Deze rots heeft een typische omgekeerde U-vorm en is meer dan 300 miljoen jaar oud. De top van de rots is tevens het hoogste punt van de stad.<\/p>\n<p>Bezoek ook zeker in de omgeving van Durbuy de dorpen W\u00e9ris en Ny (beide behoren absoluut tot de mooiste dorpen van Walloni\u00eb), de grotten van Hotton, het kasteel van Modave, de geitenboerderij van Ozo, de chocoladefabriek van Defroidmont, \u2026<\/p>\n","protected":false},"excerpt":{"rendered":"<p>Spa- Francorchamps Het Circuit van Spa-Francorchamps bestaat al sinds de jaren twintig van de vorige eeuw en kan dan ook<a class=\"readmore\" href=\"https:\/\/www.hotelalaferme.be\/nl\/omgeving\/\">Lees meer &raquo;<\/a><\/p>\n","protected":false},"author":1,"featured_media":109,"parent":0,"menu_order":5,"comment_status":"closed","ping_status":"closed","template":"","meta":{"ngg_post_thumbnail":0,"footnotes":""},"class_list":["post-19","page","type-page","status-publish","has-post-thumbnail","hentry"],"yoast_head":"<!-- This site is optimized with the Yoast SEO plugin v26.3 - https:\/\/yoast.com\/wordpress\/plugins\/seo\/ -->\n<title>Omgeving - Hotel \u00e0 la Ferme in Sy<\/title>\n<meta name=\"description\" content=\"Ontdek de adembenemende omgeving rond ons hotel. Het overweldigende groen, Durbuy of het circuit van Spa-Francorshamps zijn maar enkele trekpleisters.\" \/>\n<meta name=\"robots\" content=\"index, follow, max-snippet:-1, max-image-preview:large, max-video-preview:-1\" \/>\n<link rel=\"canonical\" href=\"http:\/\/www.hotelalaferme.be\/nl\/omgeving\/\" \/>\n<meta property=\"og:locale\" content=\"nl_NL\" \/>\n<meta property=\"og:type\" content=\"article\" \/>\n<meta property=\"og:title\" content=\"Omgeving - Hotel \u00e0 la Ferme in Sy\" \/>\n<meta property=\"og:description\" content=\"Ontdek de adembenemende omgeving rond ons hotel. Het overweldigende groen, Durbuy of het circuit van Spa-Francorshamps zijn maar enkele trekpleisters.\" \/>\n<meta property=\"og:url\" content=\"http:\/\/www.hotelalaferme.be\/nl\/omgeving\/\" \/>\n<meta property=\"og:site_name\" content=\"Hotel A la Ferme\" \/>\n<meta property=\"article:modified_time\" content=\"2014-09-19T12:35:35+00:00\" \/>\n<meta property=\"og:image\" content=\"http:\/\/www.hotelalaferme.be\/wordpress\/wp-content\/uploads\/2014\/08\/featured-omgeving.jpg\" \/>\n\t<meta property=\"og:image:width\" content=\"1000\" \/>\n\t<meta property=\"og:image:height\" content=\"1000\" \/>\n\t<meta property=\"og:image:type\" content=\"image\/jpeg\" \/>\n<meta name=\"twitter:card\" content=\"summary_large_image\" \/>\n<meta name=\"twitter:label1\" content=\"Geschatte leestijd\" \/>\n\t<meta name=\"twitter:data1\" content=\"1 minuut\" \/>\n<script type=\"application\/ld+json\" class=\"yoast-schema-graph\">{\"@context\":\"https:\/\/schema.org\",\"@graph\":[{\"@type\":\"WebPage\",\"@id\":\"http:\/\/www.hotelalaferme.be\/nl\/omgeving\/\",\"url\":\"http:\/\/www.hotelalaferme.be\/nl\/omgeving\/\",\"name\":\"Omgeving - Hotel \u00e0 la Ferme in Sy\",\"isPartOf\":{\"@id\":\"https:\/\/www.hotelalaferme.be\/#website\"},\"primaryImageOfPage\":{\"@id\":\"http:\/\/www.hotelalaferme.be\/nl\/omgeving\/#primaryimage\"},\"image\":{\"@id\":\"http:\/\/www.hotelalaferme.be\/nl\/omgeving\/#primaryimage\"},\"thumbnailUrl\":\"https:\/\/www.hotelalaferme.be\/wordpress\/wp-content\/uploads\/2014\/08\/featured-omgeving.jpg\",\"datePublished\":\"2014-08-05T09:12:02+00:00\",\"dateModified\":\"2014-09-19T12:35:35+00:00\",\"description\":\"Ontdek de adembenemende omgeving rond ons hotel. Het overweldigende groen, Durbuy of het circuit van Spa-Francorshamps zijn maar enkele trekpleisters.\",\"breadcrumb\":{\"@id\":\"http:\/\/www.hotelalaferme.be\/nl\/omgeving\/#breadcrumb\"},\"inLanguage\":\"nl-NL\",\"potentialAction\":[{\"@type\":\"ReadAction\",\"target\":[\"http:\/\/www.hotelalaferme.be\/nl\/omgeving\/\"]}]},{\"@type\":\"ImageObject\",\"inLanguage\":\"nl-NL\",\"@id\":\"http:\/\/www.hotelalaferme.be\/nl\/omgeving\/#primaryimage\",\"url\":\"https:\/\/www.hotelalaferme.be\/wordpress\/wp-content\/uploads\/2014\/08\/featured-omgeving.jpg\",\"contentUrl\":\"https:\/\/www.hotelalaferme.be\/wordpress\/wp-content\/uploads\/2014\/08\/featured-omgeving.jpg\",\"width\":1000,\"height\":1000,\"caption\":\"Kajakken in de Ourthe bij Hotel a La Ferme in Sy - Ferri\u00e8res in de Belgische Ardennen.\"},{\"@type\":\"BreadcrumbList\",\"@id\":\"http:\/\/www.hotelalaferme.be\/nl\/omgeving\/#breadcrumb\",\"itemListElement\":[{\"@type\":\"ListItem\",\"position\":1,\"name\":\"Accueil\",\"item\":\"http:\/\/www.hotelalaferme.be\/nl\/\"},{\"@type\":\"ListItem\",\"position\":2,\"name\":\"Omgeving\"}]},{\"@type\":\"WebSite\",\"@id\":\"https:\/\/www.hotelalaferme.be\/#website\",\"url\":\"https:\/\/www.hotelalaferme.be\/\",\"name\":\"Hotel A la Ferme\",\"description\":\"\",\"potentialAction\":[{\"@type\":\"SearchAction\",\"target\":{\"@type\":\"EntryPoint\",\"urlTemplate\":\"https:\/\/www.hotelalaferme.be\/?s={search_term_string}\"},\"query-input\":{\"@type\":\"PropertyValueSpecification\",\"valueRequired\":true,\"valueName\":\"search_term_string\"}}],\"inLanguage\":\"nl-NL\"}]}<\/script>\n<!-- \/ Yoast SEO plugin. -->","yoast_head_json":{"title":"Omgeving - Hotel \u00e0 la Ferme in Sy","description":"Ontdek de adembenemende omgeving rond ons hotel. Het overweldigende groen, Durbuy of het circuit van Spa-Francorshamps zijn maar enkele trekpleisters.","robots":{"index":"index","follow":"follow","max-snippet":"max-snippet:-1","max-image-preview":"max-image-preview:large","max-video-preview":"max-video-preview:-1"},"canonical":"http:\/\/www.hotelalaferme.be\/nl\/omgeving\/","og_locale":"nl_NL","og_type":"article","og_title":"Omgeving - Hotel \u00e0 la Ferme in Sy","og_description":"Ontdek de adembenemende omgeving rond ons hotel. Het overweldigende groen, Durbuy of het circuit van Spa-Francorshamps zijn maar enkele trekpleisters.","og_url":"http:\/\/www.hotelalaferme.be\/nl\/omgeving\/","og_site_name":"Hotel A la Ferme","article_modified_time":"2014-09-19T12:35:35+00:00","og_image":[{"width":1000,"height":1000,"url":"http:\/\/www.hotelalaferme.be\/wordpress\/wp-content\/uploads\/2014\/08\/featured-omgeving.jpg","type":"image\/jpeg"}],"twitter_card":"summary_large_image","twitter_misc":{"Geschatte leestijd":"1 minuut"},"schema":{"@context":"https:\/\/schema.org","@graph":[{"@type":"WebPage","@id":"http:\/\/www.hotelalaferme.be\/nl\/omgeving\/","url":"http:\/\/www.hotelalaferme.be\/nl\/omgeving\/","name":"Omgeving - Hotel \u00e0 la Ferme in Sy","isPartOf":{"@id":"https:\/\/www.hotelalaferme.be\/#website"},"primaryImageOfPage":{"@id":"http:\/\/www.hotelalaferme.be\/nl\/omgeving\/#primaryimage"},"image":{"@id":"http:\/\/www.hotelalaferme.be\/nl\/omgeving\/#primaryimage"},"thumbnailUrl":"https:\/\/www.hotelalaferme.be\/wordpress\/wp-content\/uploads\/2014\/08\/featured-omgeving.jpg","datePublished":"2014-08-05T09:12:02+00:00","dateModified":"2014-09-19T12:35:35+00:00","description":"Ontdek de adembenemende omgeving rond ons hotel. Het overweldigende groen, Durbuy of het circuit van Spa-Francorshamps zijn maar enkele trekpleisters.","breadcrumb":{"@id":"http:\/\/www.hotelalaferme.be\/nl\/omgeving\/#breadcrumb"},"inLanguage":"nl-NL","potentialAction":[{"@type":"ReadAction","target":["http:\/\/www.hotelalaferme.be\/nl\/omgeving\/"]}]},{"@type":"ImageObject","inLanguage":"nl-NL","@id":"http:\/\/www.hotelalaferme.be\/nl\/omgeving\/#primaryimage","url":"https:\/\/www.hotelalaferme.be\/wordpress\/wp-content\/uploads\/2014\/08\/featured-omgeving.jpg","contentUrl":"https:\/\/www.hotelalaferme.be\/wordpress\/wp-content\/uploads\/2014\/08\/featured-omgeving.jpg","width":1000,"height":1000,"caption":"Kajakken in de Ourthe bij Hotel a La Ferme in Sy - Ferri\u00e8res in de Belgische Ardennen."},{"@type":"BreadcrumbList","@id":"http:\/\/www.hotelalaferme.be\/nl\/omgeving\/#breadcrumb","itemListElement":[{"@type":"ListItem","position":1,"name":"Accueil","item":"http:\/\/www.hotelalaferme.be\/nl\/"},{"@type":"ListItem","position":2,"name":"Omgeving"}]},{"@type":"WebSite","@id":"https:\/\/www.hotelalaferme.be\/#website","url":"https:\/\/www.hotelalaferme.be\/","name":"Hotel A la Ferme","description":"","potentialAction":[{"@type":"SearchAction","target":{"@type":"EntryPoint","urlTemplate":"https:\/\/www.hotelalaferme.be\/?s={search_term_string}"},"query-input":{"@type":"PropertyValueSpecification","valueRequired":true,"valueName":"search_term_string"}}],"inLanguage":"nl-NL"}]}},"_links":{"self":[{"href":"https:\/\/www.hotelalaferme.be\/nl\/wp-json\/wp\/v2\/pages\/19","targetHints":{"allow":["GET"]}}],"collection":[{"href":"https:\/\/www.hotelalaferme.be\/nl\/wp-json\/wp\/v2\/pages"}],"about":[{"href":"https:\/\/www.hotelalaferme.be\/nl\/wp-json\/wp\/v2\/types\/page"}],"author":[{"embeddable":true,"href":"https:\/\/www.hotelalaferme.be\/nl\/wp-json\/wp\/v2\/users\/1"}],"replies":[{"embeddable":true,"href":"https:\/\/www.hotelalaferme.be\/nl\/wp-json\/wp\/v2\/comments?post=19"}],"version-history":[{"count":0,"href":"https:\/\/www.hotelalaferme.be\/nl\/wp-json\/wp\/v2\/pages\/19\/revisions"}],"wp:featuredmedia":[{"embeddable":true,"href":"https:\/\/www.hotelalaferme.be\/nl\/wp-json\/wp\/v2\/media\/109"}],"wp:attachment":[{"href":"https:\/\/www.hotelalaferme.be\/nl\/wp-json\/wp\/v2\/media?parent=19"}],"curies":[{"name":"wp","href":"https:\/\/api.w.org\/{rel}","templated":true}]}}