{"id":11,"date":"2014-08-05T11:10:51","date_gmt":"2014-08-05T09:10:51","guid":{"rendered":"http:\/\/www.hotelalaferme.be\/?page_id=11"},"modified":"2023-07-03T14:43:23","modified_gmt":"2023-07-03T12:43:23","slug":"restaurant","status":"publish","type":"page","link":"https:\/\/www.hotelalaferme.be\/nl\/restaurant\/","title":{"rendered":"Restaurant"},"content":{"rendered":"<p>&nbsp;<\/p>\n<p><a href=\"http:\/\/www.hotelalaferme.be\/restaurant-2\/gib3\/\" rel=\"attachment wp-att-6496\">\u00a0<\/a>Culinair zal het u bij Hotel\u00a0\u00c0 la Ferme aan niets ontbreken.<br \/>\nU heeft de keuze uit drie verschillende zalen met elke zaal weer een andere interieur en sfeer.<\/p>\n<h2>Sfeervolle Veranda-restaurant<\/h2>\n<p>In het sfeervolle &#8220;Veranda-restaurant&#8221; kunt u gedurende het hele jaar genieten van het prachtige uitzicht. U bevindt zich dan namelijk direct aan de oever van de snelstromende rivier de Ourthe. Laat u hier verwennen met creatieve gerechten uit de scheppende keuken, de lekkere wijnen en een hartelijke service, omringd door het natuurschoon van de Ardennen. U heeft de keuze uit de Franse en regionale keuken of uit de suggesties van de seizoenskeuken &#8211; afhankelijk van het wild &#8211; gemaakt van verse producten van de plaatselijke markt. Wij noteren uw bestellingen van 12.00 tot\u00a0 14h30 et de 17h30\u00a0tot 20h00.<\/p>\n<p>&nbsp;<\/p>\n<h2><strong>Genieten op het mooie terras<\/strong><\/h2>\n<p>Op het mooie terras, net naast de de Ourthe gelegen, is het altijd genieten. Terwijl u de frisse lucht van de Ardennen opsnuift in een schitterende omgeving en geniet van het groen en het water, serveren wij u smakelijke gerechten wanneer u logeert in het hotel. Maar ook voor een klein hapje, een drankje of een ijsje van het huis is het stemmige terras de ideale plek om eens heerlijk tot rust te komen.<\/p>\n<h2><strong>Waarom niet tot rust komen aan het de open haard?<\/strong><\/h2>\n<p>Bij minder mooi weer of in het winterseizoen kunt u in ons salon in alle rust ontspannen bij de knusse open haard. Wij serveren u daar graag een heerlijk drankje en hapje.<\/p>\n<p><span style=\"color: #ff0000;\"><em><strong>le restaurant est ouvert le vendredi midi et soir,<\/strong><\/em><\/span><\/p>\n<p><span style=\"color: #ff0000;\"><em><strong>le samedi\u00a0 midi et soir et le dimanche midi (ouvert\u00a0 la veille de jour f\u00e9ri\u00e9 et jour f\u00e9ri\u00e9s )<\/strong><\/em><\/span><\/p>\n<p><strong><span style=\"color: #ff0000;\">Bekijk de sluitingsdagen van ons h\u00f4tel<br \/>\n<\/span><\/strong><\/p>\n","protected":false},"excerpt":{"rendered":"<p>&nbsp; \u00a0Het zal u aan niets tekort komen op culinair gebied bij Hotel\u00a0\u00c0 la Ferme. U kunt kiezen uit drie<a class=\"readmore\" href=\"https:\/\/www.hotelalaferme.be\/nl\/restaurant\/\">Lees meer &raquo;<\/a><\/p>\n","protected":false},"author":1,"featured_media":107,"parent":0,"menu_order":3,"comment_status":"closed","ping_status":"closed","template":"","meta":{"ngg_post_thumbnail":0,"footnotes":""},"class_list":["post-11","page","type-page","status-publish","has-post-thumbnail","hentry"],"yoast_head":"<!-- This site is optimized with the Yoast SEO plugin v26.3 - https:\/\/yoast.com\/wordpress\/plugins\/seo\/ -->\n<title>Restaurant - Culinaire klasse bij Hotel A la Ferme<\/title>\n<meta name=\"description\" content=\"Op gastronomisch vlak zal het u aan niets ontbreken in het restaurant van Hotel \u00e0 la Ferme in Sy. Geniet van onze seizoensgebonden gerechten.\" \/>\n<meta name=\"robots\" content=\"index, follow, max-snippet:-1, max-image-preview:large, max-video-preview:-1\" \/>\n<link rel=\"canonical\" href=\"https:\/\/www.hotelalaferme.be\/nl\/restaurant\/\" \/>\n<meta property=\"og:locale\" content=\"nl_NL\" \/>\n<meta property=\"og:type\" content=\"article\" \/>\n<meta property=\"og:title\" content=\"Restaurant - Culinaire klasse bij Hotel A la Ferme\" \/>\n<meta property=\"og:description\" content=\"Op gastronomisch vlak zal het u aan niets ontbreken in het restaurant van Hotel \u00e0 la Ferme in Sy. Geniet van onze seizoensgebonden gerechten.\" \/>\n<meta property=\"og:url\" content=\"https:\/\/www.hotelalaferme.be\/nl\/restaurant\/\" \/>\n<meta property=\"og:site_name\" content=\"Hotel A la Ferme\" \/>\n<meta property=\"article:modified_time\" content=\"2023-07-03T12:43:23+00:00\" \/>\n<meta property=\"og:image\" content=\"https:\/\/www.hotelalaferme.be\/wordpress\/wp-content\/uploads\/2014\/08\/featured-restaurant.jpg\" \/>\n\t<meta property=\"og:image:width\" content=\"1000\" \/>\n\t<meta property=\"og:image:height\" content=\"1000\" \/>\n\t<meta property=\"og:image:type\" content=\"image\/jpeg\" \/>\n<meta name=\"twitter:card\" content=\"summary_large_image\" \/>\n<meta name=\"twitter:label1\" content=\"Geschatte leestijd\" \/>\n\t<meta name=\"twitter:data1\" content=\"2 minuten\" \/>\n<script type=\"application\/ld+json\" class=\"yoast-schema-graph\">{\"@context\":\"https:\/\/schema.org\",\"@graph\":[{\"@type\":\"WebPage\",\"@id\":\"https:\/\/www.hotelalaferme.be\/nl\/restaurant\/\",\"url\":\"https:\/\/www.hotelalaferme.be\/nl\/restaurant\/\",\"name\":\"Restaurant - Culinaire klasse bij Hotel A la Ferme\",\"isPartOf\":{\"@id\":\"http:\/\/www.hotelalaferme.be\/#website\"},\"primaryImageOfPage\":{\"@id\":\"https:\/\/www.hotelalaferme.be\/nl\/restaurant\/#primaryimage\"},\"image\":{\"@id\":\"https:\/\/www.hotelalaferme.be\/nl\/restaurant\/#primaryimage\"},\"thumbnailUrl\":\"https:\/\/www.hotelalaferme.be\/wordpress\/wp-content\/uploads\/2014\/08\/featured-restaurant.jpg\",\"datePublished\":\"2014-08-05T09:10:51+00:00\",\"dateModified\":\"2023-07-03T12:43:23+00:00\",\"description\":\"Op gastronomisch vlak zal het u aan niets ontbreken in het restaurant van Hotel \u00e0 la Ferme in Sy. Geniet van onze seizoensgebonden gerechten.\",\"breadcrumb\":{\"@id\":\"https:\/\/www.hotelalaferme.be\/nl\/restaurant\/#breadcrumb\"},\"inLanguage\":\"nl-NL\",\"potentialAction\":[{\"@type\":\"ReadAction\",\"target\":[\"https:\/\/www.hotelalaferme.be\/nl\/restaurant\/\"]}]},{\"@type\":\"ImageObject\",\"inLanguage\":\"nl-NL\",\"@id\":\"https:\/\/www.hotelalaferme.be\/nl\/restaurant\/#primaryimage\",\"url\":\"https:\/\/www.hotelalaferme.be\/wordpress\/wp-content\/uploads\/2014\/08\/featured-restaurant.jpg\",\"contentUrl\":\"https:\/\/www.hotelalaferme.be\/wordpress\/wp-content\/uploads\/2014\/08\/featured-restaurant.jpg\",\"width\":1000,\"height\":1000,\"caption\":\"Gastronomie in Hotel a La Ferme in Sy - Ferri\u00e8res in de Belgische Ardennen.\"},{\"@type\":\"BreadcrumbList\",\"@id\":\"https:\/\/www.hotelalaferme.be\/nl\/restaurant\/#breadcrumb\",\"itemListElement\":[{\"@type\":\"ListItem\",\"position\":1,\"name\":\"Accueil\",\"item\":\"http:\/\/www.hotelalaferme.be\/nl\/\"},{\"@type\":\"ListItem\",\"position\":2,\"name\":\"Restaurant\"}]},{\"@type\":\"WebSite\",\"@id\":\"http:\/\/www.hotelalaferme.be\/#website\",\"url\":\"http:\/\/www.hotelalaferme.be\/\",\"name\":\"Hotel A la Ferme\",\"description\":\"\",\"potentialAction\":[{\"@type\":\"SearchAction\",\"target\":{\"@type\":\"EntryPoint\",\"urlTemplate\":\"http:\/\/www.hotelalaferme.be\/?s={search_term_string}\"},\"query-input\":{\"@type\":\"PropertyValueSpecification\",\"valueRequired\":true,\"valueName\":\"search_term_string\"}}],\"inLanguage\":\"nl-NL\"}]}<\/script>\n<!-- \/ Yoast SEO plugin. -->","yoast_head_json":{"title":"Restaurant - Culinaire klasse bij Hotel A la Ferme","description":"Op gastronomisch vlak zal het u aan niets ontbreken in het restaurant van Hotel \u00e0 la Ferme in Sy. Geniet van onze seizoensgebonden gerechten.","robots":{"index":"index","follow":"follow","max-snippet":"max-snippet:-1","max-image-preview":"max-image-preview:large","max-video-preview":"max-video-preview:-1"},"canonical":"https:\/\/www.hotelalaferme.be\/nl\/restaurant\/","og_locale":"nl_NL","og_type":"article","og_title":"Restaurant - Culinaire klasse bij Hotel A la Ferme","og_description":"Op gastronomisch vlak zal het u aan niets ontbreken in het restaurant van Hotel \u00e0 la Ferme in Sy. Geniet van onze seizoensgebonden gerechten.","og_url":"https:\/\/www.hotelalaferme.be\/nl\/restaurant\/","og_site_name":"Hotel A la Ferme","article_modified_time":"2023-07-03T12:43:23+00:00","og_image":[{"width":1000,"height":1000,"url":"https:\/\/www.hotelalaferme.be\/wordpress\/wp-content\/uploads\/2014\/08\/featured-restaurant.jpg","type":"image\/jpeg"}],"twitter_card":"summary_large_image","twitter_misc":{"Geschatte leestijd":"2 minuten"},"schema":{"@context":"https:\/\/schema.org","@graph":[{"@type":"WebPage","@id":"https:\/\/www.hotelalaferme.be\/nl\/restaurant\/","url":"https:\/\/www.hotelalaferme.be\/nl\/restaurant\/","name":"Restaurant - Culinaire klasse bij Hotel A la Ferme","isPartOf":{"@id":"http:\/\/www.hotelalaferme.be\/#website"},"primaryImageOfPage":{"@id":"https:\/\/www.hotelalaferme.be\/nl\/restaurant\/#primaryimage"},"image":{"@id":"https:\/\/www.hotelalaferme.be\/nl\/restaurant\/#primaryimage"},"thumbnailUrl":"https:\/\/www.hotelalaferme.be\/wordpress\/wp-content\/uploads\/2014\/08\/featured-restaurant.jpg","datePublished":"2014-08-05T09:10:51+00:00","dateModified":"2023-07-03T12:43:23+00:00","description":"Op gastronomisch vlak zal het u aan niets ontbreken in het restaurant van Hotel \u00e0 la Ferme in Sy. Geniet van onze seizoensgebonden gerechten.","breadcrumb":{"@id":"https:\/\/www.hotelalaferme.be\/nl\/restaurant\/#breadcrumb"},"inLanguage":"nl-NL","potentialAction":[{"@type":"ReadAction","target":["https:\/\/www.hotelalaferme.be\/nl\/restaurant\/"]}]},{"@type":"ImageObject","inLanguage":"nl-NL","@id":"https:\/\/www.hotelalaferme.be\/nl\/restaurant\/#primaryimage","url":"https:\/\/www.hotelalaferme.be\/wordpress\/wp-content\/uploads\/2014\/08\/featured-restaurant.jpg","contentUrl":"https:\/\/www.hotelalaferme.be\/wordpress\/wp-content\/uploads\/2014\/08\/featured-restaurant.jpg","width":1000,"height":1000,"caption":"Gastronomie in Hotel a La Ferme in Sy - Ferri\u00e8res in de Belgische Ardennen."},{"@type":"BreadcrumbList","@id":"https:\/\/www.hotelalaferme.be\/nl\/restaurant\/#breadcrumb","itemListElement":[{"@type":"ListItem","position":1,"name":"Accueil","item":"http:\/\/www.hotelalaferme.be\/nl\/"},{"@type":"ListItem","position":2,"name":"Restaurant"}]},{"@type":"WebSite","@id":"http:\/\/www.hotelalaferme.be\/#website","url":"http:\/\/www.hotelalaferme.be\/","name":"Hotel A la Ferme","description":"","potentialAction":[{"@type":"SearchAction","target":{"@type":"EntryPoint","urlTemplate":"http:\/\/www.hotelalaferme.be\/?s={search_term_string}"},"query-input":{"@type":"PropertyValueSpecification","valueRequired":true,"valueName":"search_term_string"}}],"inLanguage":"nl-NL"}]}},"_links":{"self":[{"href":"https:\/\/www.hotelalaferme.be\/nl\/wp-json\/wp\/v2\/pages\/11","targetHints":{"allow":["GET"]}}],"collection":[{"href":"https:\/\/www.hotelalaferme.be\/nl\/wp-json\/wp\/v2\/pages"}],"about":[{"href":"https:\/\/www.hotelalaferme.be\/nl\/wp-json\/wp\/v2\/types\/page"}],"author":[{"embeddable":true,"href":"https:\/\/www.hotelalaferme.be\/nl\/wp-json\/wp\/v2\/users\/1"}],"replies":[{"embeddable":true,"href":"https:\/\/www.hotelalaferme.be\/nl\/wp-json\/wp\/v2\/comments?post=11"}],"version-history":[{"count":18,"href":"https:\/\/www.hotelalaferme.be\/nl\/wp-json\/wp\/v2\/pages\/11\/revisions"}],"predecessor-version":[{"id":7532,"href":"https:\/\/www.hotelalaferme.be\/nl\/wp-json\/wp\/v2\/pages\/11\/revisions\/7532"}],"wp:featuredmedia":[{"embeddable":true,"href":"https:\/\/www.hotelalaferme.be\/nl\/wp-json\/wp\/v2\/media\/107"}],"wp:attachment":[{"href":"https:\/\/www.hotelalaferme.be\/nl\/wp-json\/wp\/v2\/media?parent=11"}],"curies":[{"name":"wp","href":"https:\/\/api.w.org\/{rel}","templated":true}]}}