{"id":458,"date":"2014-09-04T13:27:31","date_gmt":"2014-09-04T11:27:31","guid":{"rendered":"http:\/\/www.hotelalaferme.be\/?page_id=458"},"modified":"2024-01-12T16:45:38","modified_gmt":"2024-01-12T15:45:38","slug":"preise","status":"publish","type":"page","link":"https:\/\/www.hotelalaferme.be\/de\/hotel-de\/preise\/","title":{"rendered":"Preise"},"content":{"rendered":"<p><a href=\"http:\/\/www.hotelalaferme.be\/hotel\/tarif\/tarif-2024\/\" rel=\"attachment wp-att-7601\"><img loading=\"lazy\" decoding=\"async\" class=\"wp-image-7601 alignleft\" src=\"http:\/\/www.hotelalaferme.be\/wordpress\/wp-content\/uploads\/2024\/01\/tarif-.2024.png\" alt=\"\" width=\"608\" height=\"687\" srcset=\"https:\/\/www.hotelalaferme.be\/wordpress\/wp-content\/uploads\/2024\/01\/tarif-.2024.png 1893w, https:\/\/www.hotelalaferme.be\/wordpress\/wp-content\/uploads\/2024\/01\/tarif-.2024-265x300.png 265w, https:\/\/www.hotelalaferme.be\/wordpress\/wp-content\/uploads\/2024\/01\/tarif-.2024-906x1024.png 906w, https:\/\/www.hotelalaferme.be\/wordpress\/wp-content\/uploads\/2024\/01\/tarif-.2024-768x868.png 768w, https:\/\/www.hotelalaferme.be\/wordpress\/wp-content\/uploads\/2024\/01\/tarif-.2024-1359x1536.png 1359w, https:\/\/www.hotelalaferme.be\/wordpress\/wp-content\/uploads\/2024\/01\/tarif-.2024-1812x2048.png 1812w, https:\/\/www.hotelalaferme.be\/wordpress\/wp-content\/uploads\/2024\/01\/tarif-.2024-300x339.png 300w\" sizes=\"auto, (max-width: 608px) 100vw, 608px\" \/><\/a><\/p>\n","protected":false},"excerpt":{"rendered":"","protected":false},"author":1,"featured_media":0,"parent":397,"menu_order":1,"comment_status":"closed","ping_status":"closed","template":"","meta":{"ngg_post_thumbnail":0,"footnotes":""},"class_list":["post-458","page","type-page","status-publish","hentry"],"yoast_head":"<!-- This site is optimized with the Yoast SEO plugin v26.3 - https:\/\/yoast.com\/wordpress\/plugins\/seo\/ -->\n<title>Preise - Hotel \u00e0 la Ferme in Sy<\/title>\n<meta name=\"description\" content=\"Schauen Sie die Preise unseres Hotel an. Besuchen Sie auch unsere Website f\u00fcre n\u00e4here Einzelheiten.\" \/>\n<meta name=\"robots\" content=\"index, follow, max-snippet:-1, max-image-preview:large, max-video-preview:-1\" \/>\n<link rel=\"canonical\" href=\"http:\/\/www.hotelalaferme.be\/de\/hotel-de\/preise\/\" \/>\n<meta property=\"og:locale\" content=\"de_DE\" \/>\n<meta property=\"og:type\" content=\"article\" \/>\n<meta property=\"og:title\" content=\"Preise - Hotel \u00e0 la Ferme in Sy\" \/>\n<meta property=\"og:description\" content=\"Schauen Sie die Preise unseres Hotel an. Besuchen Sie auch unsere Website f\u00fcre n\u00e4here Einzelheiten.\" \/>\n<meta property=\"og:url\" content=\"http:\/\/www.hotelalaferme.be\/de\/hotel-de\/preise\/\" \/>\n<meta property=\"og:site_name\" content=\"Hotel A la Ferme\" \/>\n<meta property=\"article:modified_time\" content=\"2024-01-12T15:45:38+00:00\" \/>\n<meta property=\"og:image\" content=\"http:\/\/www.hotelalaferme.be\/wordpress\/wp-content\/uploads\/2024\/01\/tarif-.2024.png\" \/>\n<meta name=\"twitter:card\" content=\"summary_large_image\" \/>\n<meta name=\"twitter:label1\" content=\"Gesch\u00e4tzte Lesezeit\" \/>\n\t<meta name=\"twitter:data1\" content=\"1\u00a0Minute\" \/>\n<script type=\"application\/ld+json\" class=\"yoast-schema-graph\">{\"@context\":\"https:\/\/schema.org\",\"@graph\":[{\"@type\":\"WebPage\",\"@id\":\"http:\/\/www.hotelalaferme.be\/de\/hotel-de\/preise\/\",\"url\":\"http:\/\/www.hotelalaferme.be\/de\/hotel-de\/preise\/\",\"name\":\"Preise - Hotel \u00e0 la Ferme in Sy\",\"isPartOf\":{\"@id\":\"https:\/\/www.hotelalaferme.be\/de\/#website\"},\"primaryImageOfPage\":{\"@id\":\"http:\/\/www.hotelalaferme.be\/de\/hotel-de\/preise\/#primaryimage\"},\"image\":{\"@id\":\"http:\/\/www.hotelalaferme.be\/de\/hotel-de\/preise\/#primaryimage\"},\"thumbnailUrl\":\"http:\/\/www.hotelalaferme.be\/wordpress\/wp-content\/uploads\/2024\/01\/tarif-.2024.png\",\"datePublished\":\"2014-09-04T11:27:31+00:00\",\"dateModified\":\"2024-01-12T15:45:38+00:00\",\"description\":\"Schauen Sie die Preise unseres Hotel an. Besuchen Sie auch unsere Website f\u00fcre n\u00e4here Einzelheiten.\",\"breadcrumb\":{\"@id\":\"http:\/\/www.hotelalaferme.be\/de\/hotel-de\/preise\/#breadcrumb\"},\"inLanguage\":\"de\",\"potentialAction\":[{\"@type\":\"ReadAction\",\"target\":[\"http:\/\/www.hotelalaferme.be\/de\/hotel-de\/preise\/\"]}]},{\"@type\":\"ImageObject\",\"inLanguage\":\"de\",\"@id\":\"http:\/\/www.hotelalaferme.be\/de\/hotel-de\/preise\/#primaryimage\",\"url\":\"http:\/\/www.hotelalaferme.be\/wordpress\/wp-content\/uploads\/2024\/01\/tarif-.2024.png\",\"contentUrl\":\"http:\/\/www.hotelalaferme.be\/wordpress\/wp-content\/uploads\/2024\/01\/tarif-.2024.png\"},{\"@type\":\"BreadcrumbList\",\"@id\":\"http:\/\/www.hotelalaferme.be\/de\/hotel-de\/preise\/#breadcrumb\",\"itemListElement\":[{\"@type\":\"ListItem\",\"position\":1,\"name\":\"Accueil\",\"item\":\"https:\/\/www.hotelalaferme.be\/de\/\"},{\"@type\":\"ListItem\",\"position\":2,\"name\":\"Hotel\",\"item\":\"http:\/\/www.hotelalaferme.be\/de\/hotel-de\/\"},{\"@type\":\"ListItem\",\"position\":3,\"name\":\"Preise\"}]},{\"@type\":\"WebSite\",\"@id\":\"https:\/\/www.hotelalaferme.be\/de\/#website\",\"url\":\"https:\/\/www.hotelalaferme.be\/de\/\",\"name\":\"Hotel A la Ferme\",\"description\":\"\",\"potentialAction\":[{\"@type\":\"SearchAction\",\"target\":{\"@type\":\"EntryPoint\",\"urlTemplate\":\"https:\/\/www.hotelalaferme.be\/de\/?s={search_term_string}\"},\"query-input\":{\"@type\":\"PropertyValueSpecification\",\"valueRequired\":true,\"valueName\":\"search_term_string\"}}],\"inLanguage\":\"de\"}]}<\/script>\n<!-- \/ Yoast SEO plugin. -->","yoast_head_json":{"title":"Preise - Hotel \u00e0 la Ferme in Sy","description":"Schauen Sie die Preise unseres Hotel an. Besuchen Sie auch unsere Website f\u00fcre n\u00e4here Einzelheiten.","robots":{"index":"index","follow":"follow","max-snippet":"max-snippet:-1","max-image-preview":"max-image-preview:large","max-video-preview":"max-video-preview:-1"},"canonical":"http:\/\/www.hotelalaferme.be\/de\/hotel-de\/preise\/","og_locale":"de_DE","og_type":"article","og_title":"Preise - Hotel \u00e0 la Ferme in Sy","og_description":"Schauen Sie die Preise unseres Hotel an. Besuchen Sie auch unsere Website f\u00fcre n\u00e4here Einzelheiten.","og_url":"http:\/\/www.hotelalaferme.be\/de\/hotel-de\/preise\/","og_site_name":"Hotel A la Ferme","article_modified_time":"2024-01-12T15:45:38+00:00","og_image":[{"url":"http:\/\/www.hotelalaferme.be\/wordpress\/wp-content\/uploads\/2024\/01\/tarif-.2024.png","type":"","width":"","height":""}],"twitter_card":"summary_large_image","twitter_misc":{"Gesch\u00e4tzte Lesezeit":"1\u00a0Minute"},"schema":{"@context":"https:\/\/schema.org","@graph":[{"@type":"WebPage","@id":"http:\/\/www.hotelalaferme.be\/de\/hotel-de\/preise\/","url":"http:\/\/www.hotelalaferme.be\/de\/hotel-de\/preise\/","name":"Preise - Hotel \u00e0 la Ferme in Sy","isPartOf":{"@id":"https:\/\/www.hotelalaferme.be\/de\/#website"},"primaryImageOfPage":{"@id":"http:\/\/www.hotelalaferme.be\/de\/hotel-de\/preise\/#primaryimage"},"image":{"@id":"http:\/\/www.hotelalaferme.be\/de\/hotel-de\/preise\/#primaryimage"},"thumbnailUrl":"http:\/\/www.hotelalaferme.be\/wordpress\/wp-content\/uploads\/2024\/01\/tarif-.2024.png","datePublished":"2014-09-04T11:27:31+00:00","dateModified":"2024-01-12T15:45:38+00:00","description":"Schauen Sie die Preise unseres Hotel an. Besuchen Sie auch unsere Website f\u00fcre n\u00e4here Einzelheiten.","breadcrumb":{"@id":"http:\/\/www.hotelalaferme.be\/de\/hotel-de\/preise\/#breadcrumb"},"inLanguage":"de","potentialAction":[{"@type":"ReadAction","target":["http:\/\/www.hotelalaferme.be\/de\/hotel-de\/preise\/"]}]},{"@type":"ImageObject","inLanguage":"de","@id":"http:\/\/www.hotelalaferme.be\/de\/hotel-de\/preise\/#primaryimage","url":"http:\/\/www.hotelalaferme.be\/wordpress\/wp-content\/uploads\/2024\/01\/tarif-.2024.png","contentUrl":"http:\/\/www.hotelalaferme.be\/wordpress\/wp-content\/uploads\/2024\/01\/tarif-.2024.png"},{"@type":"BreadcrumbList","@id":"http:\/\/www.hotelalaferme.be\/de\/hotel-de\/preise\/#breadcrumb","itemListElement":[{"@type":"ListItem","position":1,"name":"Accueil","item":"https:\/\/www.hotelalaferme.be\/de\/"},{"@type":"ListItem","position":2,"name":"Hotel","item":"http:\/\/www.hotelalaferme.be\/de\/hotel-de\/"},{"@type":"ListItem","position":3,"name":"Preise"}]},{"@type":"WebSite","@id":"https:\/\/www.hotelalaferme.be\/de\/#website","url":"https:\/\/www.hotelalaferme.be\/de\/","name":"Hotel A la Ferme","description":"","potentialAction":[{"@type":"SearchAction","target":{"@type":"EntryPoint","urlTemplate":"https:\/\/www.hotelalaferme.be\/de\/?s={search_term_string}"},"query-input":{"@type":"PropertyValueSpecification","valueRequired":true,"valueName":"search_term_string"}}],"inLanguage":"de"}]}},"_links":{"self":[{"href":"https:\/\/www.hotelalaferme.be\/de\/wp-json\/wp\/v2\/pages\/458","targetHints":{"allow":["GET"]}}],"collection":[{"href":"https:\/\/www.hotelalaferme.be\/de\/wp-json\/wp\/v2\/pages"}],"about":[{"href":"https:\/\/www.hotelalaferme.be\/de\/wp-json\/wp\/v2\/types\/page"}],"author":[{"embeddable":true,"href":"https:\/\/www.hotelalaferme.be\/de\/wp-json\/wp\/v2\/users\/1"}],"replies":[{"embeddable":true,"href":"https:\/\/www.hotelalaferme.be\/de\/wp-json\/wp\/v2\/comments?post=458"}],"version-history":[{"count":8,"href":"https:\/\/www.hotelalaferme.be\/de\/wp-json\/wp\/v2\/pages\/458\/revisions"}],"predecessor-version":[{"id":7613,"href":"https:\/\/www.hotelalaferme.be\/de\/wp-json\/wp\/v2\/pages\/458\/revisions\/7613"}],"up":[{"embeddable":true,"href":"https:\/\/www.hotelalaferme.be\/de\/wp-json\/wp\/v2\/pages\/397"}],"wp:attachment":[{"href":"https:\/\/www.hotelalaferme.be\/de\/wp-json\/wp\/v2\/media?parent=458"}],"curies":[{"name":"wp","href":"https:\/\/api.w.org\/{rel}","templated":true}]}}