{"id":414,"date":"2014-09-03T15:54:27","date_gmt":"2014-09-03T13:54:27","guid":{"rendered":"http:\/\/www.hotelalaferme.be\/?page_id=414"},"modified":"2024-03-13T17:00:01","modified_gmt":"2024-03-13T16:00:01","slug":"unseres-menu","status":"publish","type":"page","link":"https:\/\/www.hotelalaferme.be\/de\/restaurant-de\/unseres-menu\/","title":{"rendered":"Unseres Men\u00fc"},"content":{"rendered":"<p style=\"text-align: center;\">\n<p style=\"text-align: center;\">\n","protected":false},"excerpt":{"rendered":"","protected":false},"author":1,"featured_media":0,"parent":400,"menu_order":3,"comment_status":"closed","ping_status":"closed","template":"templates\/slider_default.php","meta":{"ngg_post_thumbnail":0,"footnotes":""},"class_list":["post-414","page","type-page","status-publish","hentry"],"yoast_head":"<!-- This site is optimized with the Yoast SEO plugin v26.3 - https:\/\/yoast.com\/wordpress\/plugins\/seo\/ -->\n<title>Unseres Men\u00fc - Hotel \u00e0 la Ferme in Sy<\/title>\n<meta name=\"description\" content=\"Unseres Men\u00fc wird Ihre Erwartungen befriedigen. Lassen Sie sich in Versuchung f\u00fchren durch unsere kulinarische Mannschaft.\" \/>\n<meta name=\"robots\" content=\"index, follow, max-snippet:-1, max-image-preview:large, max-video-preview:-1\" \/>\n<link rel=\"canonical\" href=\"http:\/\/www.hotelalaferme.be\/de\/restaurant-de\/unseres-menu\/\" \/>\n<meta property=\"og:locale\" content=\"de_DE\" \/>\n<meta property=\"og:type\" content=\"article\" \/>\n<meta property=\"og:title\" content=\"Unseres Men\u00fc - Hotel \u00e0 la Ferme in Sy\" \/>\n<meta property=\"og:description\" content=\"Unseres Men\u00fc wird Ihre Erwartungen befriedigen. Lassen Sie sich in Versuchung f\u00fchren durch unsere kulinarische Mannschaft.\" \/>\n<meta property=\"og:url\" content=\"http:\/\/www.hotelalaferme.be\/de\/restaurant-de\/unseres-menu\/\" \/>\n<meta property=\"og:site_name\" content=\"Hotel A la Ferme\" \/>\n<meta property=\"article:modified_time\" content=\"2024-03-13T16:00:01+00:00\" \/>\n<meta name=\"twitter:card\" content=\"summary_large_image\" \/>\n<meta name=\"twitter:label1\" content=\"Gesch\u00e4tzte Lesezeit\" \/>\n\t<meta name=\"twitter:data1\" content=\"1\u00a0Minute\" \/>\n<script type=\"application\/ld+json\" class=\"yoast-schema-graph\">{\"@context\":\"https:\/\/schema.org\",\"@graph\":[{\"@type\":\"WebPage\",\"@id\":\"http:\/\/www.hotelalaferme.be\/de\/restaurant-de\/unseres-menu\/\",\"url\":\"http:\/\/www.hotelalaferme.be\/de\/restaurant-de\/unseres-menu\/\",\"name\":\"Unseres Men\u00fc - Hotel \u00e0 la Ferme in Sy\",\"isPartOf\":{\"@id\":\"http:\/\/www.hotelalaferme.be\/#website\"},\"datePublished\":\"2014-09-03T13:54:27+00:00\",\"dateModified\":\"2024-03-13T16:00:01+00:00\",\"description\":\"Unseres Men\u00fc wird Ihre Erwartungen befriedigen. Lassen Sie sich in Versuchung f\u00fchren durch unsere kulinarische Mannschaft.\",\"breadcrumb\":{\"@id\":\"http:\/\/www.hotelalaferme.be\/de\/restaurant-de\/unseres-menu\/#breadcrumb\"},\"inLanguage\":\"de\",\"potentialAction\":[{\"@type\":\"ReadAction\",\"target\":[\"http:\/\/www.hotelalaferme.be\/de\/restaurant-de\/unseres-menu\/\"]}]},{\"@type\":\"BreadcrumbList\",\"@id\":\"http:\/\/www.hotelalaferme.be\/de\/restaurant-de\/unseres-menu\/#breadcrumb\",\"itemListElement\":[{\"@type\":\"ListItem\",\"position\":1,\"name\":\"Accueil\",\"item\":\"https:\/\/www.hotelalaferme.be\/de\/\"},{\"@type\":\"ListItem\",\"position\":2,\"name\":\"Restaurant\",\"item\":\"https:\/\/www.hotelalaferme.be\/de\/restaurant-de\/\"},{\"@type\":\"ListItem\",\"position\":3,\"name\":\"Unseres Men\u00fc\"}]},{\"@type\":\"WebSite\",\"@id\":\"http:\/\/www.hotelalaferme.be\/#website\",\"url\":\"http:\/\/www.hotelalaferme.be\/\",\"name\":\"Hotel A la Ferme\",\"description\":\"\",\"potentialAction\":[{\"@type\":\"SearchAction\",\"target\":{\"@type\":\"EntryPoint\",\"urlTemplate\":\"http:\/\/www.hotelalaferme.be\/?s={search_term_string}\"},\"query-input\":{\"@type\":\"PropertyValueSpecification\",\"valueRequired\":true,\"valueName\":\"search_term_string\"}}],\"inLanguage\":\"de\"}]}<\/script>\n<!-- \/ Yoast SEO plugin. -->","yoast_head_json":{"title":"Unseres Men\u00fc - Hotel \u00e0 la Ferme in Sy","description":"Unseres Men\u00fc wird Ihre Erwartungen befriedigen. Lassen Sie sich in Versuchung f\u00fchren durch unsere kulinarische Mannschaft.","robots":{"index":"index","follow":"follow","max-snippet":"max-snippet:-1","max-image-preview":"max-image-preview:large","max-video-preview":"max-video-preview:-1"},"canonical":"http:\/\/www.hotelalaferme.be\/de\/restaurant-de\/unseres-menu\/","og_locale":"de_DE","og_type":"article","og_title":"Unseres Men\u00fc - Hotel \u00e0 la Ferme in Sy","og_description":"Unseres Men\u00fc wird Ihre Erwartungen befriedigen. Lassen Sie sich in Versuchung f\u00fchren durch unsere kulinarische Mannschaft.","og_url":"http:\/\/www.hotelalaferme.be\/de\/restaurant-de\/unseres-menu\/","og_site_name":"Hotel A la Ferme","article_modified_time":"2024-03-13T16:00:01+00:00","twitter_card":"summary_large_image","twitter_misc":{"Gesch\u00e4tzte Lesezeit":"1\u00a0Minute"},"schema":{"@context":"https:\/\/schema.org","@graph":[{"@type":"WebPage","@id":"http:\/\/www.hotelalaferme.be\/de\/restaurant-de\/unseres-menu\/","url":"http:\/\/www.hotelalaferme.be\/de\/restaurant-de\/unseres-menu\/","name":"Unseres Men\u00fc - Hotel \u00e0 la Ferme in Sy","isPartOf":{"@id":"http:\/\/www.hotelalaferme.be\/#website"},"datePublished":"2014-09-03T13:54:27+00:00","dateModified":"2024-03-13T16:00:01+00:00","description":"Unseres Men\u00fc wird Ihre Erwartungen befriedigen. Lassen Sie sich in Versuchung f\u00fchren durch unsere kulinarische Mannschaft.","breadcrumb":{"@id":"http:\/\/www.hotelalaferme.be\/de\/restaurant-de\/unseres-menu\/#breadcrumb"},"inLanguage":"de","potentialAction":[{"@type":"ReadAction","target":["http:\/\/www.hotelalaferme.be\/de\/restaurant-de\/unseres-menu\/"]}]},{"@type":"BreadcrumbList","@id":"http:\/\/www.hotelalaferme.be\/de\/restaurant-de\/unseres-menu\/#breadcrumb","itemListElement":[{"@type":"ListItem","position":1,"name":"Accueil","item":"https:\/\/www.hotelalaferme.be\/de\/"},{"@type":"ListItem","position":2,"name":"Restaurant","item":"https:\/\/www.hotelalaferme.be\/de\/restaurant-de\/"},{"@type":"ListItem","position":3,"name":"Unseres Men\u00fc"}]},{"@type":"WebSite","@id":"http:\/\/www.hotelalaferme.be\/#website","url":"http:\/\/www.hotelalaferme.be\/","name":"Hotel A la Ferme","description":"","potentialAction":[{"@type":"SearchAction","target":{"@type":"EntryPoint","urlTemplate":"http:\/\/www.hotelalaferme.be\/?s={search_term_string}"},"query-input":{"@type":"PropertyValueSpecification","valueRequired":true,"valueName":"search_term_string"}}],"inLanguage":"de"}]}},"_links":{"self":[{"href":"https:\/\/www.hotelalaferme.be\/de\/wp-json\/wp\/v2\/pages\/414","targetHints":{"allow":["GET"]}}],"collection":[{"href":"https:\/\/www.hotelalaferme.be\/de\/wp-json\/wp\/v2\/pages"}],"about":[{"href":"https:\/\/www.hotelalaferme.be\/de\/wp-json\/wp\/v2\/types\/page"}],"author":[{"embeddable":true,"href":"https:\/\/www.hotelalaferme.be\/de\/wp-json\/wp\/v2\/users\/1"}],"replies":[{"embeddable":true,"href":"https:\/\/www.hotelalaferme.be\/de\/wp-json\/wp\/v2\/comments?post=414"}],"version-history":[{"count":3,"href":"https:\/\/www.hotelalaferme.be\/de\/wp-json\/wp\/v2\/pages\/414\/revisions"}],"predecessor-version":[{"id":7641,"href":"https:\/\/www.hotelalaferme.be\/de\/wp-json\/wp\/v2\/pages\/414\/revisions\/7641"}],"up":[{"embeddable":true,"href":"https:\/\/www.hotelalaferme.be\/de\/wp-json\/wp\/v2\/pages\/400"}],"wp:attachment":[{"href":"https:\/\/www.hotelalaferme.be\/de\/wp-json\/wp\/v2\/media?parent=414"}],"curies":[{"name":"wp","href":"https:\/\/api.w.org\/{rel}","templated":true}]}}