{"id":400,"date":"2014-09-03T15:39:49","date_gmt":"2014-09-03T13:39:49","guid":{"rendered":"http:\/\/www.hotelalaferme.be\/?page_id=400"},"modified":"2023-07-03T14:44:56","modified_gmt":"2023-07-03T12:44:56","slug":"restaurant-de","status":"publish","type":"page","link":"https:\/\/www.hotelalaferme.be\/de\/restaurant-de\/","title":{"rendered":"Restaurant"},"content":{"rendered":"<p>&nbsp;<\/p>\n<p>In kulinarischer Hinsicht wird es Ihnen im Hotel \u00c0 la Ferme an nichts fehlen.<br \/>\nSie k\u00f6nnen zwischen drei verschiedenen Bereichen w\u00e4hlen, die sich durch ihre Einrichtung und ihre Atmosph\u00e4re voneinander unterscheiden.<\/p>\n<h2>Gem\u00fctliches Veranda-Restaurant<\/h2>\n<p>Im gem\u00fctlichen Veranda-Restaurant k\u00f6nnen Sie das ganze Jahr \u00fcber die fantastische Aussicht genie\u00dfen. Es liegt ganz nahe am Ufer des schnell str\u00f6menden Flusses Ourthe. Hier k\u00f6nnen Sie sich, umringt von der wunderbaren Natur der Ardennen, mit kreativen Gerichten aus der sch\u00f6pferischen K\u00fcche, wohlschmeckenden Weinen und einem herzlichen Service verw\u00f6hnen lassen. Sie k\u00f6nnen w\u00e4hlen aus der franz\u00f6sischen und lokalen K\u00fcche oder aus saisonalen Empfehlungen, je nach dem verf\u00fcgbaren Wild. Das alles zubereitet aus frischen Produkten vom lokalen Markt. Wir nehmen Ihre Bestellungen von 12.00 \u00e0 14h30 et de 17h30 \u00e0 20h00.<\/p>\n<h2>Auf der herrlichen Terrasse genie\u00dfen<\/h2>\n<p>Die sch\u00f6ne, ganz nahe an der Ourthe gelegene Terrasse l\u00e4dt stets zum Genie\u00dfen ein. W\u00e4hrend Sie in einer herrlichen Umgebung die frische Luft der Ardennen und die pr\u00e4chtige Natur genie\u00dfen, servieren wir Ihnen wohlschmeckende Gerichte, wenn Sie im Hotel logieren. Aber auch f\u00fcr ein kleines Gericht, ein Getr\u00e4nk oder einen Eisbecher nach Art des Hauses ist die gem\u00fctliche Terrasse der ideale Ort, um herrlich zur Ruhe zu kommen.<\/p>\n<h2>Wunderbar entspannen am Kamin<\/h2>\n<p>Im Winter oder wenn das Wetter weniger sch\u00f6n ist, k\u00f6nnen Sie in unserer Sitzecke in aller Ruhe am anheimelnden Kamin entspannen. Wir servieren Ihnen dort gerne etwas Leckeres zum Essen und zum Trinken.<\/p>\n<p><span style=\"color: #ff0000;\"><em><strong>le restaurant est ouvert le vendredi midi et soir,<\/strong><\/em><\/span><\/p>\n<p><span style=\"color: #ff0000;\"><em><strong>le samedi\u00a0 midi et soir et le dimanche midi (ouvert\u00a0 la veille de jour f\u00e9ri\u00e9 et jour f\u00e9ri\u00e9s )<\/strong><\/em><\/span><\/p>\n<p><a href=\"http:\/\/www.hotelalaferme.be\/de\/kontakt\/\"><span style=\"color: #ff0000;\">Hier sehen Sie, an welchen Tagen unser Hotel geschlossen ist<\/span><span style=\"color: #ff0000;\">.<\/span><\/a><\/p>\n","protected":false},"excerpt":{"rendered":"<p>&nbsp; Auf kulinarischem Gebiet werden Sie im Hotel \u00c0 la Ferme herrlich verw\u00f6hnt. Sie k\u00f6nnen zwischen drei verschiedenen Bereichen w\u00e4hlen,<a class=\"readmore\" href=\"https:\/\/www.hotelalaferme.be\/de\/restaurant-de\/\">Lees meer &raquo;<\/a><\/p>\n","protected":false},"author":1,"featured_media":107,"parent":0,"menu_order":3,"comment_status":"closed","ping_status":"closed","template":"","meta":{"ngg_post_thumbnail":0,"footnotes":""},"class_list":["post-400","page","type-page","status-publish","has-post-thumbnail","hentry"],"yoast_head":"<!-- This site is optimized with the Yoast SEO plugin v26.3 - https:\/\/yoast.com\/wordpress\/plugins\/seo\/ -->\n<title>Restaurant - Hotel \u00e0 la Ferme in Sy<\/title>\n<meta name=\"description\" content=\"In kulinarischer Hinsicht wird es Ihnen im Restaurant an nichts fehlen. Sie haben die Wahl zwischen drei verschiedenen Bereichen.\" \/>\n<meta name=\"robots\" content=\"index, follow, max-snippet:-1, max-image-preview:large, max-video-preview:-1\" \/>\n<link rel=\"canonical\" href=\"https:\/\/www.hotelalaferme.be\/de\/restaurant-de\/\" \/>\n<meta property=\"og:locale\" content=\"de_DE\" \/>\n<meta property=\"og:type\" content=\"article\" \/>\n<meta property=\"og:title\" content=\"Restaurant - Hotel \u00e0 la Ferme in Sy\" \/>\n<meta property=\"og:description\" content=\"In kulinarischer Hinsicht wird es Ihnen im Restaurant an nichts fehlen. Sie haben die Wahl zwischen drei verschiedenen Bereichen.\" \/>\n<meta property=\"og:url\" content=\"https:\/\/www.hotelalaferme.be\/de\/restaurant-de\/\" \/>\n<meta property=\"og:site_name\" content=\"Hotel A la Ferme\" \/>\n<meta property=\"article:modified_time\" content=\"2023-07-03T12:44:56+00:00\" \/>\n<meta property=\"og:image\" content=\"https:\/\/www.hotelalaferme.be\/wordpress\/wp-content\/uploads\/2014\/08\/featured-restaurant.jpg\" \/>\n\t<meta property=\"og:image:width\" content=\"1000\" \/>\n\t<meta property=\"og:image:height\" content=\"1000\" \/>\n\t<meta property=\"og:image:type\" content=\"image\/jpeg\" \/>\n<meta name=\"twitter:card\" content=\"summary_large_image\" \/>\n<meta name=\"twitter:label1\" content=\"Gesch\u00e4tzte Lesezeit\" \/>\n\t<meta name=\"twitter:data1\" content=\"2\u00a0Minuten\" \/>\n<script type=\"application\/ld+json\" class=\"yoast-schema-graph\">{\"@context\":\"https:\/\/schema.org\",\"@graph\":[{\"@type\":\"WebPage\",\"@id\":\"https:\/\/www.hotelalaferme.be\/de\/restaurant-de\/\",\"url\":\"https:\/\/www.hotelalaferme.be\/de\/restaurant-de\/\",\"name\":\"Restaurant - Hotel \u00e0 la Ferme in Sy\",\"isPartOf\":{\"@id\":\"https:\/\/www.hotelalaferme.be\/#website\"},\"primaryImageOfPage\":{\"@id\":\"https:\/\/www.hotelalaferme.be\/de\/restaurant-de\/#primaryimage\"},\"image\":{\"@id\":\"https:\/\/www.hotelalaferme.be\/de\/restaurant-de\/#primaryimage\"},\"thumbnailUrl\":\"https:\/\/www.hotelalaferme.be\/wordpress\/wp-content\/uploads\/2014\/08\/featured-restaurant.jpg\",\"datePublished\":\"2014-09-03T13:39:49+00:00\",\"dateModified\":\"2023-07-03T12:44:56+00:00\",\"description\":\"In kulinarischer Hinsicht wird es Ihnen im Restaurant an nichts fehlen. Sie haben die Wahl zwischen drei verschiedenen Bereichen.\",\"breadcrumb\":{\"@id\":\"https:\/\/www.hotelalaferme.be\/de\/restaurant-de\/#breadcrumb\"},\"inLanguage\":\"de\",\"potentialAction\":[{\"@type\":\"ReadAction\",\"target\":[\"https:\/\/www.hotelalaferme.be\/de\/restaurant-de\/\"]}]},{\"@type\":\"ImageObject\",\"inLanguage\":\"de\",\"@id\":\"https:\/\/www.hotelalaferme.be\/de\/restaurant-de\/#primaryimage\",\"url\":\"https:\/\/www.hotelalaferme.be\/wordpress\/wp-content\/uploads\/2014\/08\/featured-restaurant.jpg\",\"contentUrl\":\"https:\/\/www.hotelalaferme.be\/wordpress\/wp-content\/uploads\/2014\/08\/featured-restaurant.jpg\",\"width\":1000,\"height\":1000,\"caption\":\"Gastronomie in Hotel a La Ferme in Sy - Ferri\u00e8res in de Belgische Ardennen.\"},{\"@type\":\"BreadcrumbList\",\"@id\":\"https:\/\/www.hotelalaferme.be\/de\/restaurant-de\/#breadcrumb\",\"itemListElement\":[{\"@type\":\"ListItem\",\"position\":1,\"name\":\"Accueil\",\"item\":\"https:\/\/www.hotelalaferme.be\/de\/\"},{\"@type\":\"ListItem\",\"position\":2,\"name\":\"Restaurant\"}]},{\"@type\":\"WebSite\",\"@id\":\"https:\/\/www.hotelalaferme.be\/#website\",\"url\":\"https:\/\/www.hotelalaferme.be\/\",\"name\":\"Hotel A la Ferme\",\"description\":\"\",\"potentialAction\":[{\"@type\":\"SearchAction\",\"target\":{\"@type\":\"EntryPoint\",\"urlTemplate\":\"https:\/\/www.hotelalaferme.be\/?s={search_term_string}\"},\"query-input\":{\"@type\":\"PropertyValueSpecification\",\"valueRequired\":true,\"valueName\":\"search_term_string\"}}],\"inLanguage\":\"de\"}]}<\/script>\n<!-- \/ Yoast SEO plugin. -->","yoast_head_json":{"title":"Restaurant - Hotel \u00e0 la Ferme in Sy","description":"In kulinarischer Hinsicht wird es Ihnen im Restaurant an nichts fehlen. Sie haben die Wahl zwischen drei verschiedenen Bereichen.","robots":{"index":"index","follow":"follow","max-snippet":"max-snippet:-1","max-image-preview":"max-image-preview:large","max-video-preview":"max-video-preview:-1"},"canonical":"https:\/\/www.hotelalaferme.be\/de\/restaurant-de\/","og_locale":"de_DE","og_type":"article","og_title":"Restaurant - Hotel \u00e0 la Ferme in Sy","og_description":"In kulinarischer Hinsicht wird es Ihnen im Restaurant an nichts fehlen. Sie haben die Wahl zwischen drei verschiedenen Bereichen.","og_url":"https:\/\/www.hotelalaferme.be\/de\/restaurant-de\/","og_site_name":"Hotel A la Ferme","article_modified_time":"2023-07-03T12:44:56+00:00","og_image":[{"width":1000,"height":1000,"url":"https:\/\/www.hotelalaferme.be\/wordpress\/wp-content\/uploads\/2014\/08\/featured-restaurant.jpg","type":"image\/jpeg"}],"twitter_card":"summary_large_image","twitter_misc":{"Gesch\u00e4tzte Lesezeit":"2\u00a0Minuten"},"schema":{"@context":"https:\/\/schema.org","@graph":[{"@type":"WebPage","@id":"https:\/\/www.hotelalaferme.be\/de\/restaurant-de\/","url":"https:\/\/www.hotelalaferme.be\/de\/restaurant-de\/","name":"Restaurant - Hotel \u00e0 la Ferme in Sy","isPartOf":{"@id":"https:\/\/www.hotelalaferme.be\/#website"},"primaryImageOfPage":{"@id":"https:\/\/www.hotelalaferme.be\/de\/restaurant-de\/#primaryimage"},"image":{"@id":"https:\/\/www.hotelalaferme.be\/de\/restaurant-de\/#primaryimage"},"thumbnailUrl":"https:\/\/www.hotelalaferme.be\/wordpress\/wp-content\/uploads\/2014\/08\/featured-restaurant.jpg","datePublished":"2014-09-03T13:39:49+00:00","dateModified":"2023-07-03T12:44:56+00:00","description":"In kulinarischer Hinsicht wird es Ihnen im Restaurant an nichts fehlen. Sie haben die Wahl zwischen drei verschiedenen Bereichen.","breadcrumb":{"@id":"https:\/\/www.hotelalaferme.be\/de\/restaurant-de\/#breadcrumb"},"inLanguage":"de","potentialAction":[{"@type":"ReadAction","target":["https:\/\/www.hotelalaferme.be\/de\/restaurant-de\/"]}]},{"@type":"ImageObject","inLanguage":"de","@id":"https:\/\/www.hotelalaferme.be\/de\/restaurant-de\/#primaryimage","url":"https:\/\/www.hotelalaferme.be\/wordpress\/wp-content\/uploads\/2014\/08\/featured-restaurant.jpg","contentUrl":"https:\/\/www.hotelalaferme.be\/wordpress\/wp-content\/uploads\/2014\/08\/featured-restaurant.jpg","width":1000,"height":1000,"caption":"Gastronomie in Hotel a La Ferme in Sy - Ferri\u00e8res in de Belgische Ardennen."},{"@type":"BreadcrumbList","@id":"https:\/\/www.hotelalaferme.be\/de\/restaurant-de\/#breadcrumb","itemListElement":[{"@type":"ListItem","position":1,"name":"Accueil","item":"https:\/\/www.hotelalaferme.be\/de\/"},{"@type":"ListItem","position":2,"name":"Restaurant"}]},{"@type":"WebSite","@id":"https:\/\/www.hotelalaferme.be\/#website","url":"https:\/\/www.hotelalaferme.be\/","name":"Hotel A la Ferme","description":"","potentialAction":[{"@type":"SearchAction","target":{"@type":"EntryPoint","urlTemplate":"https:\/\/www.hotelalaferme.be\/?s={search_term_string}"},"query-input":{"@type":"PropertyValueSpecification","valueRequired":true,"valueName":"search_term_string"}}],"inLanguage":"de"}]}},"_links":{"self":[{"href":"https:\/\/www.hotelalaferme.be\/de\/wp-json\/wp\/v2\/pages\/400","targetHints":{"allow":["GET"]}}],"collection":[{"href":"https:\/\/www.hotelalaferme.be\/de\/wp-json\/wp\/v2\/pages"}],"about":[{"href":"https:\/\/www.hotelalaferme.be\/de\/wp-json\/wp\/v2\/types\/page"}],"author":[{"embeddable":true,"href":"https:\/\/www.hotelalaferme.be\/de\/wp-json\/wp\/v2\/users\/1"}],"replies":[{"embeddable":true,"href":"https:\/\/www.hotelalaferme.be\/de\/wp-json\/wp\/v2\/comments?post=400"}],"version-history":[{"count":15,"href":"https:\/\/www.hotelalaferme.be\/de\/wp-json\/wp\/v2\/pages\/400\/revisions"}],"predecessor-version":[{"id":6781,"href":"https:\/\/www.hotelalaferme.be\/de\/wp-json\/wp\/v2\/pages\/400\/revisions\/6781"}],"wp:featuredmedia":[{"embeddable":true,"href":"https:\/\/www.hotelalaferme.be\/de\/wp-json\/wp\/v2\/media\/107"}],"wp:attachment":[{"href":"https:\/\/www.hotelalaferme.be\/de\/wp-json\/wp\/v2\/media?parent=400"}],"curies":[{"name":"wp","href":"https:\/\/api.w.org\/{rel}","templated":true}]}}