{"id":395,"date":"2014-09-03T15:35:54","date_gmt":"2014-09-03T13:35:54","guid":{"rendered":"http:\/\/www.hotelalaferme.be\/?page_id=395"},"modified":"2025-04-29T10:58:08","modified_gmt":"2025-04-29T08:58:08","slug":"hotel-la-ferme-2","status":"publish","type":"page","link":"https:\/\/www.hotelalaferme.be\/de\/","title":{"rendered":"Hotel \u00c0 la Ferme"},"content":{"rendered":"<p><a href=\"http:\/\/www.hotelalaferme.be\/151-2\/logo_red\/\" rel=\"attachment wp-att-7021\"><img loading=\"lazy\" decoding=\"async\" class=\"wp-image-7021 alignleft\" src=\"http:\/\/www.hotelalaferme.be\/wordpress\/wp-content\/uploads\/2014\/08\/Logo_Red.png\" alt=\"\" width=\"75\" height=\"75\" srcset=\"https:\/\/www.hotelalaferme.be\/wordpress\/wp-content\/uploads\/2014\/08\/Logo_Red.png 266w, https:\/\/www.hotelalaferme.be\/wordpress\/wp-content\/uploads\/2014\/08\/Logo_Red-150x150.png 150w, https:\/\/www.hotelalaferme.be\/wordpress\/wp-content\/uploads\/2014\/08\/Logo_Red-180x180.png 180w, https:\/\/www.hotelalaferme.be\/wordpress\/wp-content\/uploads\/2014\/08\/Logo_Red-165x165.png 165w\" sizes=\"auto, (max-width: 75px) 100vw, 75px\" \/><\/a><\/p>\n<p>Das gem\u00fctliche Hotel \u00c0 la Ferme zeichnet sich durch seine besondere Lage am Ufer der Ourthe im Herzen der Belgischen Ardennenaus. Das ausgezeichnete Restaurant mit franz\u00f6sisch-belgischer K\u00fcche zaubert speziell f\u00fcr {Sie|unsere G\u00e4ste) leckere regionale Spezialit\u00e4ten auf den Tisch. Im Herbst stehen im Hotel \u00c0 la Ferme zudem herrliche Wildgerichte auf der Karte.<\/p>\n<p>Unsere gro\u00dfz\u00fcgigen Zimmer bieten Ihnen allen modernen Komfort. Telefon, TV und Badezimmer mit Haartrockner.<\/p>\n<h2>Im Hotel \u00c0 la Ferme die herrlichen Ardennen genie\u00dfen<\/h2>\n<p>Von unserer wunderbaren, nach S\u00fcden ausgerichteten und am Ufer der Ourthe gelegenen Terrasse aus k\u00f6nnen Sie eine herrliche Sicht auf die bergigen Ardennen genie\u00dfen. Hier k\u00f6nnen sich die Hotelg\u00e4ste in einer ausgesprochen angenehmen Atmosph\u00e4re entspannen. Au\u00dferdem k\u00f6nnen Sie Kajaktouren machen, angeln, klettern oder wandern. Sie k\u00f6nnen die Umgebung erkunden und Durbuy oder auch die Formel-1-Strecke in Spa-Francorchamps besuchen. Oder vielleicht m\u00f6chten Sie sich auch einfach bei einem kleinen Imbiss und einem Getr\u00e4nk entspannen.<\/p>\n<p>Lucy und Marc Lambertz-Michel und ihre erfahrenen und freundlichen Mitarbeiter tun alles daf\u00fcr, um Ihren Aufenthalt zu einem herrlichen Erlebnis zu machen.<\/p>\n<p><em><strong>le restaurant est ouvert le vendredi midi et soir,<\/strong><\/em><\/p>\n<p><em><strong>le samedi\u00a0 midi et soir et le dimanche midi<br \/>\n<\/strong><\/em><\/p>\n<p><a href=\"http:\/\/www.hotelalaferme.be\/de\/kontakt\/\"><span style=\"color: #ff0000;\">Hier sehen Sie, an welchen Tagen unser Hotel\u00a0 geschlossen ist.<\/span><\/a><\/p>\n","protected":false},"excerpt":{"rendered":"<p>Das gem\u00fctliche Hotel mit Charme \u00c0 la Ferme zeichnet sich durch seine einzigartige Lage am Ufer der Ourthe im Herzen<a class=\"readmore\" href=\"https:\/\/www.hotelalaferme.be\/de\/\">Lees meer &raquo;<\/a><\/p>\n","protected":false},"author":1,"featured_media":105,"parent":0,"menu_order":-999,"comment_status":"closed","ping_status":"closed","template":"templates\/slider_default.php","meta":{"ngg_post_thumbnail":0,"footnotes":""},"class_list":["post-395","page","type-page","status-publish","has-post-thumbnail","hentry"],"yoast_head":"<!-- This site is optimized with the Yoast SEO plugin v26.3 - https:\/\/yoast.com\/wordpress\/plugins\/seo\/ -->\n<title>Hotel \u00c0 la Ferme - traditionelle Familienhotel<\/title>\n<meta name=\"description\" content=\"Das gem\u00fctliche Hotel mit Charme Hotel \u00c0 la Ferme zeichnet sich durch seine herrliche Lage am Ufer der Ourthe im Herzen der Belgischen Ardennen aus.\" \/>\n<meta name=\"robots\" content=\"index, follow, max-snippet:-1, max-image-preview:large, max-video-preview:-1\" \/>\n<link rel=\"canonical\" href=\"https:\/\/www.hotelalaferme.be\/de\/\" \/>\n<meta property=\"og:locale\" content=\"de_DE\" \/>\n<meta property=\"og:type\" content=\"article\" \/>\n<meta property=\"og:title\" content=\"Hotel \u00c0 la Ferme - traditionelle Familienhotel\" \/>\n<meta property=\"og:description\" content=\"Das gem\u00fctliche Hotel mit Charme Hotel \u00c0 la Ferme zeichnet sich durch seine herrliche Lage am Ufer der Ourthe im Herzen der Belgischen Ardennen aus.\" \/>\n<meta property=\"og:url\" content=\"https:\/\/www.hotelalaferme.be\/de\/\" \/>\n<meta property=\"og:site_name\" content=\"Hotel A la Ferme\" \/>\n<meta property=\"article:modified_time\" content=\"2025-04-29T08:58:08+00:00\" \/>\n<meta property=\"og:image\" content=\"https:\/\/www.hotelalaferme.be\/wordpress\/wp-content\/uploads\/2014\/07\/featured-home3.jpg\" \/>\n\t<meta property=\"og:image:width\" content=\"1000\" \/>\n\t<meta property=\"og:image:height\" content=\"1000\" \/>\n\t<meta property=\"og:image:type\" content=\"image\/jpeg\" \/>\n<meta name=\"twitter:card\" content=\"summary_large_image\" \/>\n<meta name=\"twitter:label1\" content=\"Gesch\u00e4tzte Lesezeit\" \/>\n\t<meta name=\"twitter:data1\" content=\"2\u00a0Minuten\" \/>\n<script type=\"application\/ld+json\" class=\"yoast-schema-graph\">{\"@context\":\"https:\/\/schema.org\",\"@graph\":[{\"@type\":\"WebPage\",\"@id\":\"https:\/\/www.hotelalaferme.be\/de\/\",\"url\":\"https:\/\/www.hotelalaferme.be\/de\/\",\"name\":\"Hotel \u00c0 la Ferme - traditionelle Familienhotel\",\"isPartOf\":{\"@id\":\"https:\/\/www.hotelalaferme.be\/de\/#website\"},\"primaryImageOfPage\":{\"@id\":\"https:\/\/www.hotelalaferme.be\/de\/#primaryimage\"},\"image\":{\"@id\":\"https:\/\/www.hotelalaferme.be\/de\/#primaryimage\"},\"thumbnailUrl\":\"https:\/\/www.hotelalaferme.be\/wordpress\/wp-content\/uploads\/2014\/07\/featured-home3.jpg\",\"datePublished\":\"2014-09-03T13:35:54+00:00\",\"dateModified\":\"2025-04-29T08:58:08+00:00\",\"description\":\"Das gem\u00fctliche Hotel mit Charme Hotel \u00c0 la Ferme zeichnet sich durch seine herrliche Lage am Ufer der Ourthe im Herzen der Belgischen Ardennen aus.\",\"breadcrumb\":{\"@id\":\"https:\/\/www.hotelalaferme.be\/de\/#breadcrumb\"},\"inLanguage\":\"de\",\"potentialAction\":[{\"@type\":\"ReadAction\",\"target\":[\"https:\/\/www.hotelalaferme.be\/de\/\"]}]},{\"@type\":\"ImageObject\",\"inLanguage\":\"de\",\"@id\":\"https:\/\/www.hotelalaferme.be\/de\/#primaryimage\",\"url\":\"https:\/\/www.hotelalaferme.be\/wordpress\/wp-content\/uploads\/2014\/07\/featured-home3.jpg\",\"contentUrl\":\"https:\/\/www.hotelalaferme.be\/wordpress\/wp-content\/uploads\/2014\/07\/featured-home3.jpg\",\"width\":1000,\"height\":1000,\"caption\":\"Een ijsvogel bij hotel A la Ferme in Sy - Ferri\u00e8res aan de Ourthe in de Belgische Ardennen.\"},{\"@type\":\"BreadcrumbList\",\"@id\":\"https:\/\/www.hotelalaferme.be\/de\/#breadcrumb\",\"itemListElement\":[{\"@type\":\"ListItem\",\"position\":1,\"name\":\"Accueil\",\"item\":\"https:\/\/www.hotelalaferme.be\/de\/\"},{\"@type\":\"ListItem\",\"position\":2,\"name\":\"Hotel \u00c0 la Ferme\"}]},{\"@type\":\"WebSite\",\"@id\":\"https:\/\/www.hotelalaferme.be\/de\/#website\",\"url\":\"https:\/\/www.hotelalaferme.be\/de\/\",\"name\":\"Hotel A la Ferme\",\"description\":\"\",\"potentialAction\":[{\"@type\":\"SearchAction\",\"target\":{\"@type\":\"EntryPoint\",\"urlTemplate\":\"https:\/\/www.hotelalaferme.be\/de\/?s={search_term_string}\"},\"query-input\":{\"@type\":\"PropertyValueSpecification\",\"valueRequired\":true,\"valueName\":\"search_term_string\"}}],\"inLanguage\":\"de\"}]}<\/script>\n<!-- \/ Yoast SEO plugin. -->","yoast_head_json":{"title":"Hotel \u00c0 la Ferme - traditionelle Familienhotel","description":"Das gem\u00fctliche Hotel mit Charme Hotel \u00c0 la Ferme zeichnet sich durch seine herrliche Lage am Ufer der Ourthe im Herzen der Belgischen Ardennen aus.","robots":{"index":"index","follow":"follow","max-snippet":"max-snippet:-1","max-image-preview":"max-image-preview:large","max-video-preview":"max-video-preview:-1"},"canonical":"https:\/\/www.hotelalaferme.be\/de\/","og_locale":"de_DE","og_type":"article","og_title":"Hotel \u00c0 la Ferme - traditionelle Familienhotel","og_description":"Das gem\u00fctliche Hotel mit Charme Hotel \u00c0 la Ferme zeichnet sich durch seine herrliche Lage am Ufer der Ourthe im Herzen der Belgischen Ardennen aus.","og_url":"https:\/\/www.hotelalaferme.be\/de\/","og_site_name":"Hotel A la Ferme","article_modified_time":"2025-04-29T08:58:08+00:00","og_image":[{"width":1000,"height":1000,"url":"https:\/\/www.hotelalaferme.be\/wordpress\/wp-content\/uploads\/2014\/07\/featured-home3.jpg","type":"image\/jpeg"}],"twitter_card":"summary_large_image","twitter_misc":{"Gesch\u00e4tzte Lesezeit":"2\u00a0Minuten"},"schema":{"@context":"https:\/\/schema.org","@graph":[{"@type":"WebPage","@id":"https:\/\/www.hotelalaferme.be\/de\/","url":"https:\/\/www.hotelalaferme.be\/de\/","name":"Hotel \u00c0 la Ferme - traditionelle Familienhotel","isPartOf":{"@id":"https:\/\/www.hotelalaferme.be\/de\/#website"},"primaryImageOfPage":{"@id":"https:\/\/www.hotelalaferme.be\/de\/#primaryimage"},"image":{"@id":"https:\/\/www.hotelalaferme.be\/de\/#primaryimage"},"thumbnailUrl":"https:\/\/www.hotelalaferme.be\/wordpress\/wp-content\/uploads\/2014\/07\/featured-home3.jpg","datePublished":"2014-09-03T13:35:54+00:00","dateModified":"2025-04-29T08:58:08+00:00","description":"Das gem\u00fctliche Hotel mit Charme Hotel \u00c0 la Ferme zeichnet sich durch seine herrliche Lage am Ufer der Ourthe im Herzen der Belgischen Ardennen aus.","breadcrumb":{"@id":"https:\/\/www.hotelalaferme.be\/de\/#breadcrumb"},"inLanguage":"de","potentialAction":[{"@type":"ReadAction","target":["https:\/\/www.hotelalaferme.be\/de\/"]}]},{"@type":"ImageObject","inLanguage":"de","@id":"https:\/\/www.hotelalaferme.be\/de\/#primaryimage","url":"https:\/\/www.hotelalaferme.be\/wordpress\/wp-content\/uploads\/2014\/07\/featured-home3.jpg","contentUrl":"https:\/\/www.hotelalaferme.be\/wordpress\/wp-content\/uploads\/2014\/07\/featured-home3.jpg","width":1000,"height":1000,"caption":"Een ijsvogel bij hotel A la Ferme in Sy - Ferri\u00e8res aan de Ourthe in de Belgische Ardennen."},{"@type":"BreadcrumbList","@id":"https:\/\/www.hotelalaferme.be\/de\/#breadcrumb","itemListElement":[{"@type":"ListItem","position":1,"name":"Accueil","item":"https:\/\/www.hotelalaferme.be\/de\/"},{"@type":"ListItem","position":2,"name":"Hotel \u00c0 la Ferme"}]},{"@type":"WebSite","@id":"https:\/\/www.hotelalaferme.be\/de\/#website","url":"https:\/\/www.hotelalaferme.be\/de\/","name":"Hotel A la Ferme","description":"","potentialAction":[{"@type":"SearchAction","target":{"@type":"EntryPoint","urlTemplate":"https:\/\/www.hotelalaferme.be\/de\/?s={search_term_string}"},"query-input":{"@type":"PropertyValueSpecification","valueRequired":true,"valueName":"search_term_string"}}],"inLanguage":"de"}]}},"_links":{"self":[{"href":"https:\/\/www.hotelalaferme.be\/de\/wp-json\/wp\/v2\/pages\/395","targetHints":{"allow":["GET"]}}],"collection":[{"href":"https:\/\/www.hotelalaferme.be\/de\/wp-json\/wp\/v2\/pages"}],"about":[{"href":"https:\/\/www.hotelalaferme.be\/de\/wp-json\/wp\/v2\/types\/page"}],"author":[{"embeddable":true,"href":"https:\/\/www.hotelalaferme.be\/de\/wp-json\/wp\/v2\/users\/1"}],"replies":[{"embeddable":true,"href":"https:\/\/www.hotelalaferme.be\/de\/wp-json\/wp\/v2\/comments?post=395"}],"version-history":[{"count":12,"href":"https:\/\/www.hotelalaferme.be\/de\/wp-json\/wp\/v2\/pages\/395\/revisions"}],"predecessor-version":[{"id":7747,"href":"https:\/\/www.hotelalaferme.be\/de\/wp-json\/wp\/v2\/pages\/395\/revisions\/7747"}],"wp:featuredmedia":[{"embeddable":true,"href":"https:\/\/www.hotelalaferme.be\/de\/wp-json\/wp\/v2\/media\/105"}],"wp:attachment":[{"href":"https:\/\/www.hotelalaferme.be\/de\/wp-json\/wp\/v2\/media?parent=395"}],"curies":[{"name":"wp","href":"https:\/\/api.w.org\/{rel}","templated":true}]}}