{"id":6640,"date":"2016-11-28T15:23:47","date_gmt":"2016-11-28T14:23:47","guid":{"rendered":"http:\/\/www.hotelalaferme.be\/menu-2\/"},"modified":"2024-12-12T16:05:36","modified_gmt":"2024-12-12T15:05:36","slug":"menu","status":"publish","type":"page","link":"http:\/\/www.hotelalaferme.be\/nl\/menu\/","title":{"rendered":"menu"},"content":{"rendered":"<p style=\"text-align: center;\"><strong><u>Menu de No\u00ebl 2024<\/u><\/strong><\/p>\n<p style=\"text-align: center;\">\n<p style=\"text-align: center;\"><strong><u>\u00a0<\/u><\/strong><strong>L&#8217;ap\u00e9ritif maison et ses zakouski<\/strong><\/p>\n<p style=\"text-align: center;\"><strong>\u00a0<\/strong><\/p>\n<p style=\"text-align: center;\"><strong>Terrine de foie gras pr\u00e9par\u00e9e par nos soins.<\/strong><\/p>\n<p style=\"text-align: center;\"><strong>\u00a0<\/strong><\/p>\n<p style=\"text-align: center;\"><strong>Milles feuille de p\u00e2te,, saumon \u00e0 la florentine<\/strong><\/p>\n<p style=\"text-align: center;\"><strong>Et ses gambas croustillantes, espuma de bisque cors\u00e9e<\/strong><\/p>\n<p style=\"text-align: center;\"><strong>Le Sorbet<\/strong><\/p>\n<p style=\"text-align: center;\"><strong>C\u00f4te de Biche aux groseilles.<\/strong><\/p>\n<p style=\"text-align: center;\"><strong>Garniture de saison.et pommes duchesses.<\/strong><\/p>\n<p style=\"text-align: center;\"><strong>La\u00a0 Traditionnelle B\u00fbche de No\u00ebl<\/strong><\/p>\n<p style=\"text-align: center;\"><strong>Le Moka en tasse\u00a0\u00a0\u00a0\u00a0 82.60 \u20ac<\/strong><\/p>\n<p style=\"text-align: center;\"><strong>\u00a0<\/strong><\/p>\n<p style=\"text-align: center;\"><strong><u>Menu de nouvel An 2024\/2025<\/u><\/strong><\/p>\n<p style=\"text-align: center;\"><strong><u>\u00a0<\/u><\/strong><strong><u>\u00a0<\/u><\/strong><\/p>\n<p style=\"text-align: center;\"><strong>L&#8217;ap\u00e9ritif maison et ses zakouski<\/strong><\/p>\n<p style=\"text-align: center;\"><strong>Terrine de foie gras pr\u00e9par\u00e9e par nos soins.<\/strong><\/p>\n<p style=\"text-align: center;\"><strong>\u00a0Confits sucr\u00e9s sal\u00e9s<\/strong><\/p>\n<p style=\"text-align: center;\"><strong><em>\u00a0<\/em><\/strong><\/p>\n<p style=\"text-align: center;\"><strong>Roul\u00e9 de filet de sole aux \u00e9crevisses<\/strong><\/p>\n<p style=\"text-align: center;\"><strong>Et son \u00e9mulsion cr\u00e9m\u00e9e au champagne<\/strong><\/p>\n<p style=\"text-align: center;\"><strong>Le Sorbet.<\/strong><\/p>\n<p style=\"text-align: center;\"><strong>L\u2019\u00e9minc\u00e9 de chevreuil, sauce aux trois poivres<\/strong><\/p>\n<p style=\"text-align: center;\"><strong>Garniture de saison.et pommes duchesses.<\/strong><\/p>\n<p style=\"text-align: center;\"><strong>Le D\u00e9lice de 2024, myrtilles vanille d\u2019Indon\u00e9sie.<\/strong><\/p>\n<p style=\"text-align: center;\"><strong>Le Moka en tasse.\u00a0\u00a0\u00a0 88.40 \u20ac<\/strong><\/p>\n<p style=\"text-align: center;\">\n","protected":false},"excerpt":{"rendered":"<p>Menu de No\u00ebl 2024 \u00a0L&#8217;ap\u00e9ritif maison et ses zakouski \u00a0 Terrine de foie gras pr\u00e9par\u00e9e par nos soins. \u00a0 Milles<a class=\"readmore\" href=\"http:\/\/www.hotelalaferme.be\/nl\/menu\/\">Lees meer &raquo;<\/a><\/p>\n","protected":false},"author":2,"featured_media":0,"parent":0,"menu_order":0,"comment_status":"closed","ping_status":"closed","template":"","meta":{"ngg_post_thumbnail":0,"footnotes":""},"class_list":["post-6640","page","type-page","status-publish","hentry"],"yoast_head":"<!-- This site is optimized with the Yoast SEO plugin v26.3 - https:\/\/yoast.com\/wordpress\/plugins\/seo\/ -->\n<title>menu - Hotel A la Ferme<\/title>\n<meta name=\"robots\" content=\"index, follow, max-snippet:-1, max-image-preview:large, max-video-preview:-1\" \/>\n<link rel=\"canonical\" href=\"http:\/\/www.hotelalaferme.be\/nl\/menu\/\" \/>\n<meta property=\"og:locale\" content=\"nl_NL\" \/>\n<meta property=\"og:type\" content=\"article\" \/>\n<meta property=\"og:title\" content=\"menu - Hotel A la Ferme\" \/>\n<meta property=\"og:description\" content=\"Menu de No\u00ebl 2024 \u00a0L&#8217;ap\u00e9ritif maison et ses zakouski \u00a0 Terrine de foie gras pr\u00e9par\u00e9e par nos soins. \u00a0 MillesLees meer &raquo;\" \/>\n<meta property=\"og:url\" content=\"http:\/\/www.hotelalaferme.be\/nl\/menu\/\" \/>\n<meta property=\"og:site_name\" content=\"Hotel A la Ferme\" \/>\n<meta property=\"article:modified_time\" content=\"2024-12-12T15:05:36+00:00\" \/>\n<meta name=\"twitter:card\" content=\"summary_large_image\" \/>\n<meta name=\"twitter:label1\" content=\"Geschatte leestijd\" \/>\n\t<meta name=\"twitter:data1\" content=\"1 minuut\" \/>\n<script type=\"application\/ld+json\" class=\"yoast-schema-graph\">{\"@context\":\"https:\/\/schema.org\",\"@graph\":[{\"@type\":\"WebPage\",\"@id\":\"http:\/\/www.hotelalaferme.be\/nl\/menu\/\",\"url\":\"http:\/\/www.hotelalaferme.be\/nl\/menu\/\",\"name\":\"menu - Hotel A la Ferme\",\"isPartOf\":{\"@id\":\"http:\/\/www.hotelalaferme.be\/de\/#website\"},\"datePublished\":\"2016-11-28T14:23:47+00:00\",\"dateModified\":\"2024-12-12T15:05:36+00:00\",\"breadcrumb\":{\"@id\":\"http:\/\/www.hotelalaferme.be\/nl\/menu\/#breadcrumb\"},\"inLanguage\":\"nl-NL\",\"potentialAction\":[{\"@type\":\"ReadAction\",\"target\":[\"http:\/\/www.hotelalaferme.be\/nl\/menu\/\"]}]},{\"@type\":\"BreadcrumbList\",\"@id\":\"http:\/\/www.hotelalaferme.be\/nl\/menu\/#breadcrumb\",\"itemListElement\":[{\"@type\":\"ListItem\",\"position\":1,\"name\":\"Accueil\",\"item\":\"https:\/\/www.hotelalaferme.be\/nl\/\"},{\"@type\":\"ListItem\",\"position\":2,\"name\":\"menu\"}]},{\"@type\":\"WebSite\",\"@id\":\"http:\/\/www.hotelalaferme.be\/de\/#website\",\"url\":\"http:\/\/www.hotelalaferme.be\/de\/\",\"name\":\"Hotel A la Ferme\",\"description\":\"\",\"potentialAction\":[{\"@type\":\"SearchAction\",\"target\":{\"@type\":\"EntryPoint\",\"urlTemplate\":\"http:\/\/www.hotelalaferme.be\/de\/?s={search_term_string}\"},\"query-input\":{\"@type\":\"PropertyValueSpecification\",\"valueRequired\":true,\"valueName\":\"search_term_string\"}}],\"inLanguage\":\"nl-NL\"}]}<\/script>\n<!-- \/ Yoast SEO plugin. -->","yoast_head_json":{"title":"menu - Hotel A la Ferme","robots":{"index":"index","follow":"follow","max-snippet":"max-snippet:-1","max-image-preview":"max-image-preview:large","max-video-preview":"max-video-preview:-1"},"canonical":"http:\/\/www.hotelalaferme.be\/nl\/menu\/","og_locale":"nl_NL","og_type":"article","og_title":"menu - Hotel A la Ferme","og_description":"Menu de No\u00ebl 2024 \u00a0L&#8217;ap\u00e9ritif maison et ses zakouski \u00a0 Terrine de foie gras pr\u00e9par\u00e9e par nos soins. \u00a0 MillesLees meer &raquo;","og_url":"http:\/\/www.hotelalaferme.be\/nl\/menu\/","og_site_name":"Hotel A la Ferme","article_modified_time":"2024-12-12T15:05:36+00:00","twitter_card":"summary_large_image","twitter_misc":{"Geschatte leestijd":"1 minuut"},"schema":{"@context":"https:\/\/schema.org","@graph":[{"@type":"WebPage","@id":"http:\/\/www.hotelalaferme.be\/nl\/menu\/","url":"http:\/\/www.hotelalaferme.be\/nl\/menu\/","name":"menu - Hotel A la Ferme","isPartOf":{"@id":"http:\/\/www.hotelalaferme.be\/de\/#website"},"datePublished":"2016-11-28T14:23:47+00:00","dateModified":"2024-12-12T15:05:36+00:00","breadcrumb":{"@id":"http:\/\/www.hotelalaferme.be\/nl\/menu\/#breadcrumb"},"inLanguage":"nl-NL","potentialAction":[{"@type":"ReadAction","target":["http:\/\/www.hotelalaferme.be\/nl\/menu\/"]}]},{"@type":"BreadcrumbList","@id":"http:\/\/www.hotelalaferme.be\/nl\/menu\/#breadcrumb","itemListElement":[{"@type":"ListItem","position":1,"name":"Accueil","item":"https:\/\/www.hotelalaferme.be\/nl\/"},{"@type":"ListItem","position":2,"name":"menu"}]},{"@type":"WebSite","@id":"http:\/\/www.hotelalaferme.be\/de\/#website","url":"http:\/\/www.hotelalaferme.be\/de\/","name":"Hotel A la Ferme","description":"","potentialAction":[{"@type":"SearchAction","target":{"@type":"EntryPoint","urlTemplate":"http:\/\/www.hotelalaferme.be\/de\/?s={search_term_string}"},"query-input":{"@type":"PropertyValueSpecification","valueRequired":true,"valueName":"search_term_string"}}],"inLanguage":"nl-NL"}]}},"_links":{"self":[{"href":"http:\/\/www.hotelalaferme.be\/nl\/wp-json\/wp\/v2\/pages\/6640","targetHints":{"allow":["GET"]}}],"collection":[{"href":"http:\/\/www.hotelalaferme.be\/nl\/wp-json\/wp\/v2\/pages"}],"about":[{"href":"http:\/\/www.hotelalaferme.be\/nl\/wp-json\/wp\/v2\/types\/page"}],"author":[{"embeddable":true,"href":"http:\/\/www.hotelalaferme.be\/nl\/wp-json\/wp\/v2\/users\/2"}],"replies":[{"embeddable":true,"href":"http:\/\/www.hotelalaferme.be\/nl\/wp-json\/wp\/v2\/comments?post=6640"}],"version-history":[{"count":39,"href":"http:\/\/www.hotelalaferme.be\/nl\/wp-json\/wp\/v2\/pages\/6640\/revisions"}],"predecessor-version":[{"id":7678,"href":"http:\/\/www.hotelalaferme.be\/nl\/wp-json\/wp\/v2\/pages\/6640\/revisions\/7678"}],"wp:attachment":[{"href":"http:\/\/www.hotelalaferme.be\/nl\/wp-json\/wp\/v2\/media?parent=6640"}],"curies":[{"name":"wp","href":"https:\/\/api.w.org\/{rel}","templated":true}]}}