{"id":408,"date":"2014-09-03T15:51:28","date_gmt":"2014-09-03T13:51:28","guid":{"rendered":"http:\/\/www.hotelalaferme.be\/?page_id=408"},"modified":"2025-02-26T15:00:31","modified_gmt":"2025-02-26T14:00:31","slug":"kontakt","status":"publish","type":"page","link":"http:\/\/www.hotelalaferme.be\/de\/kontakt\/","title":{"rendered":"Kontakt"},"content":{"rendered":"<p><a href=\"http:\/\/www.hotelalaferme.be\/de\/kontakt\/calendrier-2025-2-2\/\" rel=\"attachment wp-att-7720\"><img loading=\"lazy\" decoding=\"async\" class=\"aligncenter size-full wp-image-7720\" src=\"http:\/\/www.hotelalaferme.be\/wordpress\/wp-content\/uploads\/2025\/02\/calendrier-2025-1.jpg\" alt=\"\" width=\"980\" height=\"792\" srcset=\"http:\/\/www.hotelalaferme.be\/wordpress\/wp-content\/uploads\/2025\/02\/calendrier-2025-1.jpg 980w, http:\/\/www.hotelalaferme.be\/wordpress\/wp-content\/uploads\/2025\/02\/calendrier-2025-1-300x242.jpg 300w, http:\/\/www.hotelalaferme.be\/wordpress\/wp-content\/uploads\/2025\/02\/calendrier-2025-1-768x621.jpg 768w\" sizes=\"auto, (max-width: 980px) 100vw, 980px\" \/><\/a><\/p>\n","protected":false},"excerpt":{"rendered":"","protected":false},"author":1,"featured_media":110,"parent":0,"menu_order":999,"comment_status":"closed","ping_status":"closed","template":"templates\/contact.php","meta":{"ngg_post_thumbnail":0,"footnotes":""},"class_list":["post-408","page","type-page","status-publish","has-post-thumbnail","hentry"],"yoast_head":"<!-- This site is optimized with the Yoast SEO plugin v26.3 - https:\/\/yoast.com\/wordpress\/plugins\/seo\/ -->\n<title>Kontakt - das Familienhotel \u00e0 la Ferme in Sy<\/title>\n<meta name=\"description\" content=\"Nehmen Sie Kontakt auf f\u00fcr n\u00e4here Einzelheiten. Wir kontaktieren Sie so schnell wie m\u00f6glich.\" \/>\n<meta name=\"robots\" content=\"index, follow, max-snippet:-1, max-image-preview:large, max-video-preview:-1\" \/>\n<link rel=\"canonical\" href=\"http:\/\/www.hotelalaferme.be\/de\/kontakt\/\" \/>\n<meta property=\"og:locale\" content=\"de_DE\" \/>\n<meta property=\"og:type\" content=\"article\" \/>\n<meta property=\"og:title\" content=\"Kontakt - das Familienhotel \u00e0 la Ferme in Sy\" \/>\n<meta property=\"og:description\" content=\"Nehmen Sie Kontakt auf f\u00fcr n\u00e4here Einzelheiten. Wir kontaktieren Sie so schnell wie m\u00f6glich.\" \/>\n<meta property=\"og:url\" content=\"http:\/\/www.hotelalaferme.be\/de\/kontakt\/\" \/>\n<meta property=\"og:site_name\" content=\"Hotel A la Ferme\" \/>\n<meta property=\"article:modified_time\" content=\"2025-02-26T14:00:31+00:00\" \/>\n<meta property=\"og:image\" content=\"http:\/\/www.hotelalaferme.be\/wordpress\/wp-content\/uploads\/2014\/08\/featured-contact.jpg\" \/>\n\t<meta property=\"og:image:width\" content=\"1000\" \/>\n\t<meta property=\"og:image:height\" content=\"1000\" \/>\n\t<meta property=\"og:image:type\" content=\"image\/jpeg\" \/>\n<meta name=\"twitter:card\" content=\"summary_large_image\" \/>\n<meta name=\"twitter:label1\" content=\"Gesch\u00e4tzte Lesezeit\" \/>\n\t<meta name=\"twitter:data1\" content=\"1\u00a0Minute\" \/>\n<script type=\"application\/ld+json\" class=\"yoast-schema-graph\">{\"@context\":\"https:\/\/schema.org\",\"@graph\":[{\"@type\":\"WebPage\",\"@id\":\"http:\/\/www.hotelalaferme.be\/de\/kontakt\/\",\"url\":\"http:\/\/www.hotelalaferme.be\/de\/kontakt\/\",\"name\":\"Kontakt - das Familienhotel \u00e0 la Ferme in Sy\",\"isPartOf\":{\"@id\":\"http:\/\/www.hotelalaferme.be\/#website\"},\"primaryImageOfPage\":{\"@id\":\"http:\/\/www.hotelalaferme.be\/de\/kontakt\/#primaryimage\"},\"image\":{\"@id\":\"http:\/\/www.hotelalaferme.be\/de\/kontakt\/#primaryimage\"},\"thumbnailUrl\":\"http:\/\/www.hotelalaferme.be\/wordpress\/wp-content\/uploads\/2014\/08\/featured-contact.jpg\",\"datePublished\":\"2014-09-03T13:51:28+00:00\",\"dateModified\":\"2025-02-26T14:00:31+00:00\",\"description\":\"Nehmen Sie Kontakt auf f\u00fcr n\u00e4here Einzelheiten. Wir kontaktieren Sie so schnell wie m\u00f6glich.\",\"breadcrumb\":{\"@id\":\"http:\/\/www.hotelalaferme.be\/de\/kontakt\/#breadcrumb\"},\"inLanguage\":\"de\",\"potentialAction\":[{\"@type\":\"ReadAction\",\"target\":[\"http:\/\/www.hotelalaferme.be\/de\/kontakt\/\"]}]},{\"@type\":\"ImageObject\",\"inLanguage\":\"de\",\"@id\":\"http:\/\/www.hotelalaferme.be\/de\/kontakt\/#primaryimage\",\"url\":\"http:\/\/www.hotelalaferme.be\/wordpress\/wp-content\/uploads\/2014\/08\/featured-contact.jpg\",\"contentUrl\":\"http:\/\/www.hotelalaferme.be\/wordpress\/wp-content\/uploads\/2014\/08\/featured-contact.jpg\",\"width\":1000,\"height\":1000},{\"@type\":\"BreadcrumbList\",\"@id\":\"http:\/\/www.hotelalaferme.be\/de\/kontakt\/#breadcrumb\",\"itemListElement\":[{\"@type\":\"ListItem\",\"position\":1,\"name\":\"Accueil\",\"item\":\"https:\/\/www.hotelalaferme.be\/de\/\"},{\"@type\":\"ListItem\",\"position\":2,\"name\":\"Kontakt\"}]},{\"@type\":\"WebSite\",\"@id\":\"http:\/\/www.hotelalaferme.be\/#website\",\"url\":\"http:\/\/www.hotelalaferme.be\/\",\"name\":\"Hotel A la Ferme\",\"description\":\"\",\"potentialAction\":[{\"@type\":\"SearchAction\",\"target\":{\"@type\":\"EntryPoint\",\"urlTemplate\":\"http:\/\/www.hotelalaferme.be\/?s={search_term_string}\"},\"query-input\":{\"@type\":\"PropertyValueSpecification\",\"valueRequired\":true,\"valueName\":\"search_term_string\"}}],\"inLanguage\":\"de\"}]}<\/script>\n<!-- \/ Yoast SEO plugin. -->","yoast_head_json":{"title":"Kontakt - das Familienhotel \u00e0 la Ferme in Sy","description":"Nehmen Sie Kontakt auf f\u00fcr n\u00e4here Einzelheiten. Wir kontaktieren Sie so schnell wie m\u00f6glich.","robots":{"index":"index","follow":"follow","max-snippet":"max-snippet:-1","max-image-preview":"max-image-preview:large","max-video-preview":"max-video-preview:-1"},"canonical":"http:\/\/www.hotelalaferme.be\/de\/kontakt\/","og_locale":"de_DE","og_type":"article","og_title":"Kontakt - das Familienhotel \u00e0 la Ferme in Sy","og_description":"Nehmen Sie Kontakt auf f\u00fcr n\u00e4here Einzelheiten. Wir kontaktieren Sie so schnell wie m\u00f6glich.","og_url":"http:\/\/www.hotelalaferme.be\/de\/kontakt\/","og_site_name":"Hotel A la Ferme","article_modified_time":"2025-02-26T14:00:31+00:00","og_image":[{"width":1000,"height":1000,"url":"http:\/\/www.hotelalaferme.be\/wordpress\/wp-content\/uploads\/2014\/08\/featured-contact.jpg","type":"image\/jpeg"}],"twitter_card":"summary_large_image","twitter_misc":{"Gesch\u00e4tzte Lesezeit":"1\u00a0Minute"},"schema":{"@context":"https:\/\/schema.org","@graph":[{"@type":"WebPage","@id":"http:\/\/www.hotelalaferme.be\/de\/kontakt\/","url":"http:\/\/www.hotelalaferme.be\/de\/kontakt\/","name":"Kontakt - das Familienhotel \u00e0 la Ferme in Sy","isPartOf":{"@id":"http:\/\/www.hotelalaferme.be\/#website"},"primaryImageOfPage":{"@id":"http:\/\/www.hotelalaferme.be\/de\/kontakt\/#primaryimage"},"image":{"@id":"http:\/\/www.hotelalaferme.be\/de\/kontakt\/#primaryimage"},"thumbnailUrl":"http:\/\/www.hotelalaferme.be\/wordpress\/wp-content\/uploads\/2014\/08\/featured-contact.jpg","datePublished":"2014-09-03T13:51:28+00:00","dateModified":"2025-02-26T14:00:31+00:00","description":"Nehmen Sie Kontakt auf f\u00fcr n\u00e4here Einzelheiten. Wir kontaktieren Sie so schnell wie m\u00f6glich.","breadcrumb":{"@id":"http:\/\/www.hotelalaferme.be\/de\/kontakt\/#breadcrumb"},"inLanguage":"de","potentialAction":[{"@type":"ReadAction","target":["http:\/\/www.hotelalaferme.be\/de\/kontakt\/"]}]},{"@type":"ImageObject","inLanguage":"de","@id":"http:\/\/www.hotelalaferme.be\/de\/kontakt\/#primaryimage","url":"http:\/\/www.hotelalaferme.be\/wordpress\/wp-content\/uploads\/2014\/08\/featured-contact.jpg","contentUrl":"http:\/\/www.hotelalaferme.be\/wordpress\/wp-content\/uploads\/2014\/08\/featured-contact.jpg","width":1000,"height":1000},{"@type":"BreadcrumbList","@id":"http:\/\/www.hotelalaferme.be\/de\/kontakt\/#breadcrumb","itemListElement":[{"@type":"ListItem","position":1,"name":"Accueil","item":"https:\/\/www.hotelalaferme.be\/de\/"},{"@type":"ListItem","position":2,"name":"Kontakt"}]},{"@type":"WebSite","@id":"http:\/\/www.hotelalaferme.be\/#website","url":"http:\/\/www.hotelalaferme.be\/","name":"Hotel A la Ferme","description":"","potentialAction":[{"@type":"SearchAction","target":{"@type":"EntryPoint","urlTemplate":"http:\/\/www.hotelalaferme.be\/?s={search_term_string}"},"query-input":{"@type":"PropertyValueSpecification","valueRequired":true,"valueName":"search_term_string"}}],"inLanguage":"de"}]}},"_links":{"self":[{"href":"http:\/\/www.hotelalaferme.be\/de\/wp-json\/wp\/v2\/pages\/408","targetHints":{"allow":["GET"]}}],"collection":[{"href":"http:\/\/www.hotelalaferme.be\/de\/wp-json\/wp\/v2\/pages"}],"about":[{"href":"http:\/\/www.hotelalaferme.be\/de\/wp-json\/wp\/v2\/types\/page"}],"author":[{"embeddable":true,"href":"http:\/\/www.hotelalaferme.be\/de\/wp-json\/wp\/v2\/users\/1"}],"replies":[{"embeddable":true,"href":"http:\/\/www.hotelalaferme.be\/de\/wp-json\/wp\/v2\/comments?post=408"}],"version-history":[{"count":23,"href":"http:\/\/www.hotelalaferme.be\/de\/wp-json\/wp\/v2\/pages\/408\/revisions"}],"predecessor-version":[{"id":7724,"href":"http:\/\/www.hotelalaferme.be\/de\/wp-json\/wp\/v2\/pages\/408\/revisions\/7724"}],"wp:featuredmedia":[{"embeddable":true,"href":"http:\/\/www.hotelalaferme.be\/de\/wp-json\/wp\/v2\/media\/110"}],"wp:attachment":[{"href":"http:\/\/www.hotelalaferme.be\/de\/wp-json\/wp\/v2\/media?parent=408"}],"curies":[{"name":"wp","href":"https:\/\/api.w.org\/{rel}","templated":true}]}}