{"id":406,"date":"2014-09-03T15:48:03","date_gmt":"2014-09-03T13:48:03","guid":{"rendered":"http:\/\/www.hotelalaferme.be\/?page_id=406"},"modified":"2014-09-19T16:06:42","modified_gmt":"2014-09-19T14:06:42","slug":"aktivitaten","status":"publish","type":"page","link":"http:\/\/www.hotelalaferme.be\/de\/umgebung\/aktivitaten\/","title":{"rendered":"Aktivit\u00e4ten"},"content":{"rendered":"<h2>Spazierg\u00e4nge und Wanderungen<\/h2>\n<p>Die Natur rund um Sy geh\u00f6rt zu den sch\u00f6nsten Regionen der Ardennen. Zahllose M\u00f6glichkeiten f\u00fcr Spazierg\u00e4nge und Wanderungen erwarten Sie hier. Genie\u00dfen Sie die bergige Landschaft der Ardennen, die gr\u00fcnen W\u00e4lder, die schr\u00e4g abfallenden Felder, die Wiesen voller Blumen und die tief eingeschnittenen Flusst\u00e4ler. Die Ardennen zu Fu\u00df zu erkunden, bedeutet eine reiche Vielfalt von Wald, herrlichen Panoramen, frischer Luft und dem Gesang der V\u00f6gel.<\/p>\n<h2>Angeln<\/h2>\n<p>Am Hotel \u00c0 la Ferme k\u00f6nnen Sie hervorragend mitten in der pr\u00e4chtigen Natur angeln. Was halten Sie davon, Ihren K\u00f6der auszuwerfen, den V\u00f6geln zuzuh\u00f6ren, die rundherum zwitschern, bis pl\u00f6tzlich ein Fisch anbei\u00dft? Die Ardennen sind ein echtes Angelparadies und werden Sie als Angler begeistern. Wussten Sie, dass in den Ardennen 18 verschiedene Fischarten vorkommen? Einige davon sind allerdings gesch\u00fctzt.<\/p>\n<p>Aber Sie k\u00f6nnen zum Beispiel Fliegenfischen auf Forellen. Sie finden die Forellen deshalb auch auf unserem Men\u00fc, sie gelten als Topprodukt der regionalen K\u00fcche!<\/p>\n<p>Forellen lassen sich nur schwer \u00fcberlisten, deshalb ist beim Forellenangeln Konzentration und Stille erforderlich.<br \/>\nGelingt es jedoch nach einem solchen Duell einen Fisch an den Haken zu bekommen, ist die Befriedigung enorm.<\/p>\n<h2>Kajak fahren<\/h2>\n<p>Das Ourthe-Tal bietet einen einmaligen Rahmen f\u00fcr einen herrlich entspannenden Tag mit dem Kajak. Die typischen M\u00e4ander der Ourthe eignen sich hervorragend f\u00fcr einen Ausflug durch die herrliche Natur. Gleiten Sie zwischen W\u00e4ldern, H\u00fcgeln und Feldern auf dem Wasser dahin und bewundern Sie die beeindruckenden Felsen von Sy.<\/p>\n<h2>Klettern<\/h2>\n<p>Die Felsen bei Sy geh\u00f6ren zu den gro\u00dfen Klassikern in Belgien. Sie k\u00f6nnen in den zwei wichtigsten Sektoren klettern: den \u201eVi\u00e8rges\u201c und den \u201eVignobles\u201c. Die \u201eVignobles\u201c bieten ein spektakul\u00e4res Wechselspiel von Platten, Rissen, Graten und Einschnitten.<\/p>\n<p>Das Klettergebiet umfasst zahlreiche Routen aller Schwierigkeitsgrade &#8211; auch Schwierigkeitsgrad 4, 5 und 6 -, sodass jeder Kletterer auf seine Kosten kommt. In Sy k\u00f6nnen Sie in allen Kletterstilen und in allen Schwierigkeitsgraden klettern. Das macht das Klettergebiet Sy ausgesprochen interessant. Wenn Sie Kletterer sind, lohnt sich eine Entdeckungstour auf jeden Fall.<\/p>\n","protected":false},"excerpt":{"rendered":"<p>Spazierg\u00e4nge und Wanderungen Die Natur rund um Sy geh\u00f6rt zu den sch\u00f6nsten Regionen der Ardennen. Zahllose M\u00f6glichkeiten f\u00fcr Spazierg\u00e4nge und<a class=\"readmore\" href=\"http:\/\/www.hotelalaferme.be\/de\/umgebung\/aktivitaten\/\">Lees meer &raquo;<\/a><\/p>\n","protected":false},"author":1,"featured_media":0,"parent":404,"menu_order":1,"comment_status":"closed","ping_status":"closed","template":"","meta":{"ngg_post_thumbnail":0,"footnotes":""},"class_list":["post-406","page","type-page","status-publish","hentry"],"yoast_head":"<!-- This site is optimized with the Yoast SEO plugin v26.3 - https:\/\/yoast.com\/wordpress\/plugins\/seo\/ -->\n<title>Aktivit\u00e4ten - Angeln, Kajak fahren oder klettern<\/title>\n<meta name=\"description\" content=\"Die Natur rund um Sy geh\u00f6rt zu den sch\u00f6nsten Regionen der Ardennen. Zahllose M\u00f6glichkeiten f\u00fcr Aktivit\u00e4ten erwarten Sie hier.\" \/>\n<meta name=\"robots\" content=\"index, follow, max-snippet:-1, max-image-preview:large, max-video-preview:-1\" \/>\n<link rel=\"canonical\" href=\"http:\/\/www.hotelalaferme.be\/de\/umgebung\/aktivitaten\/\" \/>\n<meta property=\"og:locale\" content=\"de_DE\" \/>\n<meta property=\"og:type\" content=\"article\" \/>\n<meta property=\"og:title\" content=\"Aktivit\u00e4ten - Angeln, Kajak fahren oder klettern\" \/>\n<meta property=\"og:description\" content=\"Die Natur rund um Sy geh\u00f6rt zu den sch\u00f6nsten Regionen der Ardennen. Zahllose M\u00f6glichkeiten f\u00fcr Aktivit\u00e4ten erwarten Sie hier.\" \/>\n<meta property=\"og:url\" content=\"http:\/\/www.hotelalaferme.be\/de\/umgebung\/aktivitaten\/\" \/>\n<meta property=\"og:site_name\" content=\"Hotel A la Ferme\" \/>\n<meta property=\"article:modified_time\" content=\"2014-09-19T14:06:42+00:00\" \/>\n<meta name=\"twitter:card\" content=\"summary_large_image\" \/>\n<meta name=\"twitter:label1\" content=\"Gesch\u00e4tzte Lesezeit\" \/>\n\t<meta name=\"twitter:data1\" content=\"2\u00a0Minuten\" \/>\n<script type=\"application\/ld+json\" class=\"yoast-schema-graph\">{\"@context\":\"https:\/\/schema.org\",\"@graph\":[{\"@type\":\"WebPage\",\"@id\":\"http:\/\/www.hotelalaferme.be\/de\/umgebung\/aktivitaten\/\",\"url\":\"http:\/\/www.hotelalaferme.be\/de\/umgebung\/aktivitaten\/\",\"name\":\"Aktivit\u00e4ten - Angeln, Kajak fahren oder klettern\",\"isPartOf\":{\"@id\":\"https:\/\/www.hotelalaferme.be\/de\/#website\"},\"datePublished\":\"2014-09-03T13:48:03+00:00\",\"dateModified\":\"2014-09-19T14:06:42+00:00\",\"description\":\"Die Natur rund um Sy geh\u00f6rt zu den sch\u00f6nsten Regionen der Ardennen. Zahllose M\u00f6glichkeiten f\u00fcr Aktivit\u00e4ten erwarten Sie hier.\",\"breadcrumb\":{\"@id\":\"http:\/\/www.hotelalaferme.be\/de\/umgebung\/aktivitaten\/#breadcrumb\"},\"inLanguage\":\"de\",\"potentialAction\":[{\"@type\":\"ReadAction\",\"target\":[\"http:\/\/www.hotelalaferme.be\/de\/umgebung\/aktivitaten\/\"]}]},{\"@type\":\"BreadcrumbList\",\"@id\":\"http:\/\/www.hotelalaferme.be\/de\/umgebung\/aktivitaten\/#breadcrumb\",\"itemListElement\":[{\"@type\":\"ListItem\",\"position\":1,\"name\":\"Accueil\",\"item\":\"https:\/\/www.hotelalaferme.be\/de\/\"},{\"@type\":\"ListItem\",\"position\":2,\"name\":\"Umgebung\",\"item\":\"http:\/\/www.hotelalaferme.be\/de\/umgebung\/\"},{\"@type\":\"ListItem\",\"position\":3,\"name\":\"Aktivit\u00e4ten\"}]},{\"@type\":\"WebSite\",\"@id\":\"https:\/\/www.hotelalaferme.be\/de\/#website\",\"url\":\"https:\/\/www.hotelalaferme.be\/de\/\",\"name\":\"Hotel A la Ferme\",\"description\":\"\",\"potentialAction\":[{\"@type\":\"SearchAction\",\"target\":{\"@type\":\"EntryPoint\",\"urlTemplate\":\"https:\/\/www.hotelalaferme.be\/de\/?s={search_term_string}\"},\"query-input\":{\"@type\":\"PropertyValueSpecification\",\"valueRequired\":true,\"valueName\":\"search_term_string\"}}],\"inLanguage\":\"de\"}]}<\/script>\n<!-- \/ Yoast SEO plugin. -->","yoast_head_json":{"title":"Aktivit\u00e4ten - Angeln, Kajak fahren oder klettern","description":"Die Natur rund um Sy geh\u00f6rt zu den sch\u00f6nsten Regionen der Ardennen. Zahllose M\u00f6glichkeiten f\u00fcr Aktivit\u00e4ten erwarten Sie hier.","robots":{"index":"index","follow":"follow","max-snippet":"max-snippet:-1","max-image-preview":"max-image-preview:large","max-video-preview":"max-video-preview:-1"},"canonical":"http:\/\/www.hotelalaferme.be\/de\/umgebung\/aktivitaten\/","og_locale":"de_DE","og_type":"article","og_title":"Aktivit\u00e4ten - Angeln, Kajak fahren oder klettern","og_description":"Die Natur rund um Sy geh\u00f6rt zu den sch\u00f6nsten Regionen der Ardennen. Zahllose M\u00f6glichkeiten f\u00fcr Aktivit\u00e4ten erwarten Sie hier.","og_url":"http:\/\/www.hotelalaferme.be\/de\/umgebung\/aktivitaten\/","og_site_name":"Hotel A la Ferme","article_modified_time":"2014-09-19T14:06:42+00:00","twitter_card":"summary_large_image","twitter_misc":{"Gesch\u00e4tzte Lesezeit":"2\u00a0Minuten"},"schema":{"@context":"https:\/\/schema.org","@graph":[{"@type":"WebPage","@id":"http:\/\/www.hotelalaferme.be\/de\/umgebung\/aktivitaten\/","url":"http:\/\/www.hotelalaferme.be\/de\/umgebung\/aktivitaten\/","name":"Aktivit\u00e4ten - Angeln, Kajak fahren oder klettern","isPartOf":{"@id":"https:\/\/www.hotelalaferme.be\/de\/#website"},"datePublished":"2014-09-03T13:48:03+00:00","dateModified":"2014-09-19T14:06:42+00:00","description":"Die Natur rund um Sy geh\u00f6rt zu den sch\u00f6nsten Regionen der Ardennen. Zahllose M\u00f6glichkeiten f\u00fcr Aktivit\u00e4ten erwarten Sie hier.","breadcrumb":{"@id":"http:\/\/www.hotelalaferme.be\/de\/umgebung\/aktivitaten\/#breadcrumb"},"inLanguage":"de","potentialAction":[{"@type":"ReadAction","target":["http:\/\/www.hotelalaferme.be\/de\/umgebung\/aktivitaten\/"]}]},{"@type":"BreadcrumbList","@id":"http:\/\/www.hotelalaferme.be\/de\/umgebung\/aktivitaten\/#breadcrumb","itemListElement":[{"@type":"ListItem","position":1,"name":"Accueil","item":"https:\/\/www.hotelalaferme.be\/de\/"},{"@type":"ListItem","position":2,"name":"Umgebung","item":"http:\/\/www.hotelalaferme.be\/de\/umgebung\/"},{"@type":"ListItem","position":3,"name":"Aktivit\u00e4ten"}]},{"@type":"WebSite","@id":"https:\/\/www.hotelalaferme.be\/de\/#website","url":"https:\/\/www.hotelalaferme.be\/de\/","name":"Hotel A la Ferme","description":"","potentialAction":[{"@type":"SearchAction","target":{"@type":"EntryPoint","urlTemplate":"https:\/\/www.hotelalaferme.be\/de\/?s={search_term_string}"},"query-input":{"@type":"PropertyValueSpecification","valueRequired":true,"valueName":"search_term_string"}}],"inLanguage":"de"}]}},"_links":{"self":[{"href":"http:\/\/www.hotelalaferme.be\/de\/wp-json\/wp\/v2\/pages\/406","targetHints":{"allow":["GET"]}}],"collection":[{"href":"http:\/\/www.hotelalaferme.be\/de\/wp-json\/wp\/v2\/pages"}],"about":[{"href":"http:\/\/www.hotelalaferme.be\/de\/wp-json\/wp\/v2\/types\/page"}],"author":[{"embeddable":true,"href":"http:\/\/www.hotelalaferme.be\/de\/wp-json\/wp\/v2\/users\/1"}],"replies":[{"embeddable":true,"href":"http:\/\/www.hotelalaferme.be\/de\/wp-json\/wp\/v2\/comments?post=406"}],"version-history":[{"count":0,"href":"http:\/\/www.hotelalaferme.be\/de\/wp-json\/wp\/v2\/pages\/406\/revisions"}],"up":[{"embeddable":true,"href":"http:\/\/www.hotelalaferme.be\/de\/wp-json\/wp\/v2\/pages\/404"}],"wp:attachment":[{"href":"http:\/\/www.hotelalaferme.be\/de\/wp-json\/wp\/v2\/media?parent=406"}],"curies":[{"name":"wp","href":"https:\/\/api.w.org\/{rel}","templated":true}]}}