{"id":404,"date":"2014-09-03T15:46:27","date_gmt":"2014-09-03T13:46:27","guid":{"rendered":"http:\/\/www.hotelalaferme.be\/?page_id=404"},"modified":"2014-09-19T16:04:26","modified_gmt":"2014-09-19T14:04:26","slug":"umgebung","status":"publish","type":"page","link":"http:\/\/www.hotelalaferme.be\/de\/umgebung\/","title":{"rendered":"Umgebung"},"content":{"rendered":"<h2>Spa-Francorchamps<\/h2>\n<p>Die Rennstrecke Spa-Francorchamps besteht schon seit den 20er Jahren des vorigen Jahrhunderts und kann daher auf zahllose unglaubliche und beeindruckende Geschichten zur\u00fcckblicken.<br \/>\nVon der anf\u00e4nglichen nicht asphaltierten Piste entwickelte sie sich zu einer der modernsten Formel-1-Rennstrecken Europas.<\/p>\n<p>Dadurch gelang es dem Circuit eine Reihe der renommiertesten Autorennen wie das Formel-1- und das 24-Stunden-Rennen in Francorchamps halten.<br \/>\nBer\u00fchmt ist die einzigartige \u201eRaidillon\u201c-Kurve, die 1939 geschaffen wurde. Sie liegt nahe bei der Senke \u201eEau Rouge\u201c und hat weltweit gro\u00dfe Bekanntheit erlangt.<br \/>\nDie Fahrer lieben sie.<\/p>\n<h2>Durbuy<\/h2>\n<p>Durbuy ist ein sehr gem\u00fctliches St\u00e4dtchen in der N\u00e4he von Sy-Ferri\u00e8res. Sie liegt am schnell str\u00f6menden Fluss Ourthe und ist vom typischen Stil der Ardennen gepr\u00e4gt.<\/p>\n<p>Daher ist Durbuy eine der wichtigsten touristischen Anziehungspunkte in Wallonien. Jedes Jahr zieht diese wunderbare mittelalterliche Stadt, die zudem als kleinste Stadt der Welt gilt, tausende Touristen an.<\/p>\n<p>Das St\u00e4dtchen selbst besteht aus einigen malerischen Gassen und hat rund 400 Einwohner. Die gro\u00dfe Mehrzahl der Einwohner der Gemeinde wohnt in den zahlreichen herrlichen D\u00f6rfern der Umgebung.<\/p>\n<p>Vers\u00e4umen Sie es nicht, sich den Homalius-Felsen anzuschauen, der auch unter dem Namen \u201eRoche \u00e0 la Falize\u201c bekannt ist. Er hat die Form eines umgekehrten \u201eU\u201c und ist \u00fcber 300 Millionen Jahre alt. Der Gipfel des Felsens ist der h\u00f6chste Punkt der Stadt.<\/p>\n<p>Unbedingt besuchen sollten Sie auch die D\u00f6rfer W\u00e9ris und Ny in der Umgebung von Durbuy, die zu den sch\u00f6nsten D\u00f6rfern Walloniens geh\u00f6ren, die Grotten von Hotton, das Schloss Modave, den Ziegenbauernhof von Ozo und die Schokoladenmanufaktur Defroidmont u.v.m.<\/p>\n","protected":false},"excerpt":{"rendered":"<p>Spa-Francorchamps Die Rennstrecke Spa-Francorchamps besteht schon seit den 20er Jahren des vorigen Jahrhunderts und kann daher auf zahllose unglaubliche und<a class=\"readmore\" href=\"http:\/\/www.hotelalaferme.be\/de\/umgebung\/\">Lees meer &raquo;<\/a><\/p>\n","protected":false},"author":1,"featured_media":109,"parent":0,"menu_order":5,"comment_status":"closed","ping_status":"closed","template":"","meta":{"ngg_post_thumbnail":0,"footnotes":""},"class_list":["post-404","page","type-page","status-publish","has-post-thumbnail","hentry"],"yoast_head":"<!-- This site is optimized with the Yoast SEO plugin v26.3 - https:\/\/yoast.com\/wordpress\/plugins\/seo\/ -->\n<title>Umgebung - Hotel \u00e0 la Ferme in Sy<\/title>\n<meta name=\"description\" content=\"Besuchen Sie in die Umgebung sicher die D\u00f6rfern W\u00e9ris oder Ny, die Grotten von Hotton, das Schloss Modave, den Ziegenbauernhof von Ozo,...\" \/>\n<meta name=\"robots\" content=\"index, follow, max-snippet:-1, max-image-preview:large, max-video-preview:-1\" \/>\n<link rel=\"canonical\" href=\"https:\/\/www.hotelalaferme.be\/de\/umgebung\/\" \/>\n<meta property=\"og:locale\" content=\"de_DE\" \/>\n<meta property=\"og:type\" content=\"article\" \/>\n<meta property=\"og:title\" content=\"Umgebung - Hotel \u00e0 la Ferme in Sy\" \/>\n<meta property=\"og:description\" content=\"Besuchen Sie in die Umgebung sicher die D\u00f6rfern W\u00e9ris oder Ny, die Grotten von Hotton, das Schloss Modave, den Ziegenbauernhof von Ozo,...\" \/>\n<meta property=\"og:url\" content=\"https:\/\/www.hotelalaferme.be\/de\/umgebung\/\" \/>\n<meta property=\"og:site_name\" content=\"Hotel A la Ferme\" \/>\n<meta property=\"article:modified_time\" content=\"2014-09-19T14:04:26+00:00\" \/>\n<meta property=\"og:image\" content=\"https:\/\/www.hotelalaferme.be\/wordpress\/wp-content\/uploads\/2014\/08\/featured-omgeving.jpg\" \/>\n\t<meta property=\"og:image:width\" content=\"1000\" \/>\n\t<meta property=\"og:image:height\" content=\"1000\" \/>\n\t<meta property=\"og:image:type\" content=\"image\/jpeg\" \/>\n<meta name=\"twitter:card\" content=\"summary_large_image\" \/>\n<meta name=\"twitter:label1\" content=\"Gesch\u00e4tzte Lesezeit\" \/>\n\t<meta name=\"twitter:data1\" content=\"1\u00a0Minute\" \/>\n<script type=\"application\/ld+json\" class=\"yoast-schema-graph\">{\"@context\":\"https:\/\/schema.org\",\"@graph\":[{\"@type\":\"WebPage\",\"@id\":\"https:\/\/www.hotelalaferme.be\/de\/umgebung\/\",\"url\":\"https:\/\/www.hotelalaferme.be\/de\/umgebung\/\",\"name\":\"Umgebung - Hotel \u00e0 la Ferme in Sy\",\"isPartOf\":{\"@id\":\"http:\/\/www.hotelalaferme.be\/#website\"},\"primaryImageOfPage\":{\"@id\":\"https:\/\/www.hotelalaferme.be\/de\/umgebung\/#primaryimage\"},\"image\":{\"@id\":\"https:\/\/www.hotelalaferme.be\/de\/umgebung\/#primaryimage\"},\"thumbnailUrl\":\"http:\/\/www.hotelalaferme.be\/wordpress\/wp-content\/uploads\/2014\/08\/featured-omgeving.jpg\",\"datePublished\":\"2014-09-03T13:46:27+00:00\",\"dateModified\":\"2014-09-19T14:04:26+00:00\",\"description\":\"Besuchen Sie in die Umgebung sicher die D\u00f6rfern W\u00e9ris oder Ny, die Grotten von Hotton, das Schloss Modave, den Ziegenbauernhof von Ozo,...\",\"breadcrumb\":{\"@id\":\"https:\/\/www.hotelalaferme.be\/de\/umgebung\/#breadcrumb\"},\"inLanguage\":\"de\",\"potentialAction\":[{\"@type\":\"ReadAction\",\"target\":[\"https:\/\/www.hotelalaferme.be\/de\/umgebung\/\"]}]},{\"@type\":\"ImageObject\",\"inLanguage\":\"de\",\"@id\":\"https:\/\/www.hotelalaferme.be\/de\/umgebung\/#primaryimage\",\"url\":\"http:\/\/www.hotelalaferme.be\/wordpress\/wp-content\/uploads\/2014\/08\/featured-omgeving.jpg\",\"contentUrl\":\"http:\/\/www.hotelalaferme.be\/wordpress\/wp-content\/uploads\/2014\/08\/featured-omgeving.jpg\",\"width\":1000,\"height\":1000,\"caption\":\"Kajakken in de Ourthe bij Hotel a La Ferme in Sy - Ferri\u00e8res in de Belgische Ardennen.\"},{\"@type\":\"BreadcrumbList\",\"@id\":\"https:\/\/www.hotelalaferme.be\/de\/umgebung\/#breadcrumb\",\"itemListElement\":[{\"@type\":\"ListItem\",\"position\":1,\"name\":\"Accueil\",\"item\":\"https:\/\/www.hotelalaferme.be\/de\/\"},{\"@type\":\"ListItem\",\"position\":2,\"name\":\"Umgebung\"}]},{\"@type\":\"WebSite\",\"@id\":\"http:\/\/www.hotelalaferme.be\/#website\",\"url\":\"http:\/\/www.hotelalaferme.be\/\",\"name\":\"Hotel A la Ferme\",\"description\":\"\",\"potentialAction\":[{\"@type\":\"SearchAction\",\"target\":{\"@type\":\"EntryPoint\",\"urlTemplate\":\"http:\/\/www.hotelalaferme.be\/?s={search_term_string}\"},\"query-input\":{\"@type\":\"PropertyValueSpecification\",\"valueRequired\":true,\"valueName\":\"search_term_string\"}}],\"inLanguage\":\"de\"}]}<\/script>\n<!-- \/ Yoast SEO plugin. -->","yoast_head_json":{"title":"Umgebung - Hotel \u00e0 la Ferme in Sy","description":"Besuchen Sie in die Umgebung sicher die D\u00f6rfern W\u00e9ris oder Ny, die Grotten von Hotton, das Schloss Modave, den Ziegenbauernhof von Ozo,...","robots":{"index":"index","follow":"follow","max-snippet":"max-snippet:-1","max-image-preview":"max-image-preview:large","max-video-preview":"max-video-preview:-1"},"canonical":"https:\/\/www.hotelalaferme.be\/de\/umgebung\/","og_locale":"de_DE","og_type":"article","og_title":"Umgebung - Hotel \u00e0 la Ferme in Sy","og_description":"Besuchen Sie in die Umgebung sicher die D\u00f6rfern W\u00e9ris oder Ny, die Grotten von Hotton, das Schloss Modave, den Ziegenbauernhof von Ozo,...","og_url":"https:\/\/www.hotelalaferme.be\/de\/umgebung\/","og_site_name":"Hotel A la Ferme","article_modified_time":"2014-09-19T14:04:26+00:00","og_image":[{"width":1000,"height":1000,"url":"https:\/\/www.hotelalaferme.be\/wordpress\/wp-content\/uploads\/2014\/08\/featured-omgeving.jpg","type":"image\/jpeg"}],"twitter_card":"summary_large_image","twitter_misc":{"Gesch\u00e4tzte Lesezeit":"1\u00a0Minute"},"schema":{"@context":"https:\/\/schema.org","@graph":[{"@type":"WebPage","@id":"https:\/\/www.hotelalaferme.be\/de\/umgebung\/","url":"https:\/\/www.hotelalaferme.be\/de\/umgebung\/","name":"Umgebung - Hotel \u00e0 la Ferme in Sy","isPartOf":{"@id":"http:\/\/www.hotelalaferme.be\/#website"},"primaryImageOfPage":{"@id":"https:\/\/www.hotelalaferme.be\/de\/umgebung\/#primaryimage"},"image":{"@id":"https:\/\/www.hotelalaferme.be\/de\/umgebung\/#primaryimage"},"thumbnailUrl":"http:\/\/www.hotelalaferme.be\/wordpress\/wp-content\/uploads\/2014\/08\/featured-omgeving.jpg","datePublished":"2014-09-03T13:46:27+00:00","dateModified":"2014-09-19T14:04:26+00:00","description":"Besuchen Sie in die Umgebung sicher die D\u00f6rfern W\u00e9ris oder Ny, die Grotten von Hotton, das Schloss Modave, den Ziegenbauernhof von Ozo,...","breadcrumb":{"@id":"https:\/\/www.hotelalaferme.be\/de\/umgebung\/#breadcrumb"},"inLanguage":"de","potentialAction":[{"@type":"ReadAction","target":["https:\/\/www.hotelalaferme.be\/de\/umgebung\/"]}]},{"@type":"ImageObject","inLanguage":"de","@id":"https:\/\/www.hotelalaferme.be\/de\/umgebung\/#primaryimage","url":"http:\/\/www.hotelalaferme.be\/wordpress\/wp-content\/uploads\/2014\/08\/featured-omgeving.jpg","contentUrl":"http:\/\/www.hotelalaferme.be\/wordpress\/wp-content\/uploads\/2014\/08\/featured-omgeving.jpg","width":1000,"height":1000,"caption":"Kajakken in de Ourthe bij Hotel a La Ferme in Sy - Ferri\u00e8res in de Belgische Ardennen."},{"@type":"BreadcrumbList","@id":"https:\/\/www.hotelalaferme.be\/de\/umgebung\/#breadcrumb","itemListElement":[{"@type":"ListItem","position":1,"name":"Accueil","item":"https:\/\/www.hotelalaferme.be\/de\/"},{"@type":"ListItem","position":2,"name":"Umgebung"}]},{"@type":"WebSite","@id":"http:\/\/www.hotelalaferme.be\/#website","url":"http:\/\/www.hotelalaferme.be\/","name":"Hotel A la Ferme","description":"","potentialAction":[{"@type":"SearchAction","target":{"@type":"EntryPoint","urlTemplate":"http:\/\/www.hotelalaferme.be\/?s={search_term_string}"},"query-input":{"@type":"PropertyValueSpecification","valueRequired":true,"valueName":"search_term_string"}}],"inLanguage":"de"}]}},"_links":{"self":[{"href":"http:\/\/www.hotelalaferme.be\/de\/wp-json\/wp\/v2\/pages\/404","targetHints":{"allow":["GET"]}}],"collection":[{"href":"http:\/\/www.hotelalaferme.be\/de\/wp-json\/wp\/v2\/pages"}],"about":[{"href":"http:\/\/www.hotelalaferme.be\/de\/wp-json\/wp\/v2\/types\/page"}],"author":[{"embeddable":true,"href":"http:\/\/www.hotelalaferme.be\/de\/wp-json\/wp\/v2\/users\/1"}],"replies":[{"embeddable":true,"href":"http:\/\/www.hotelalaferme.be\/de\/wp-json\/wp\/v2\/comments?post=404"}],"version-history":[{"count":0,"href":"http:\/\/www.hotelalaferme.be\/de\/wp-json\/wp\/v2\/pages\/404\/revisions"}],"wp:featuredmedia":[{"embeddable":true,"href":"http:\/\/www.hotelalaferme.be\/de\/wp-json\/wp\/v2\/media\/109"}],"wp:attachment":[{"href":"http:\/\/www.hotelalaferme.be\/de\/wp-json\/wp\/v2\/media?parent=404"}],"curies":[{"name":"wp","href":"https:\/\/api.w.org\/{rel}","templated":true}]}}